{"id":1837,"date":"2025-10-03T02:31:47","date_gmt":"2025-10-03T02:31:47","guid":{"rendered":"https:\/\/peptilife.me\/?post_type=product&#038;p=1837"},"modified":"2025-10-03T02:41:36","modified_gmt":"2025-10-03T02:41:36","slug":"tb-500-thymosin-beta-10-mg","status":"publish","type":"product","link":"https:\/\/peptilife.me\/pt\/producto\/tb-500-thymosin-beta-10-mg\/","title":{"rendered":"TB-500 (Timosina Beta) | 10 mg"},"content":{"rendered":"<p>TB-500 (Timosina Beta) \u00e9 uma vers\u00e3o sint\u00e9tica de um p\u00e9ptido natural presente em quase todas as c\u00e9lulas humanas e animais, reconhecido pelas suas poderosas propriedades regenerativas e curativas. Desempenha um papel central na repara\u00e7\u00e3o dos tecidos, regulando a actina, uma prote\u00edna essencial para a estrutura e o movimento das c\u00e9lulas.<\/p>\n<p>O TB-500 \u00e9 altamente valorizado pela sua capacidade de:<br \/>\n- Acelera a cicatriza\u00e7\u00e3o de feridas e les\u00f5es: Apoia a recupera\u00e7\u00e3o de m\u00fasculos, tend\u00f5es, ligamentos e articula\u00e7\u00f5es.<br \/>\n- Promove a angiog\u00e9nese: Estimula a forma\u00e7\u00e3o de novos vasos sangu\u00edneos, melhorando a circula\u00e7\u00e3o e o fornecimento de nutrientes aos tecidos danificados.<br \/>\n- Reduzir a inflama\u00e7\u00e3o: Ajuda a reduzir a inflama\u00e7\u00e3o cr\u00f3nica, melhorando a mobilidade e a flexibilidade.<br \/>\n- Melhora o desempenho e a recupera\u00e7\u00e3o: Facilita uma cura mais r\u00e1pida ap\u00f3s uma atividade f\u00edsica intensa ou les\u00f5es.<\/p>\n<p>Ao encorajar a r\u00e1pida regenera\u00e7\u00e3o dos tecidos e reduzir o tempo de inatividade, o TB-500 tornou-se um dos p\u00e9ptidos mais eficazes para atletas, indiv\u00edduos activos e todos aqueles que procuram uma melhor recupera\u00e7\u00e3o e resili\u00eancia. A sua capacidade de cura sist\u00e9mica torna-o uma pedra angular nos protocolos regenerativos e de melhoria do desempenho.<\/p>","protected":false},"excerpt":{"rendered":"<p>TB-500 \u00e9 um p\u00e9ptido regenerativo que acelera a cicatriza\u00e7\u00e3o, reduz a inflama\u00e7\u00e3o e promove a repara\u00e7\u00e3o dos tecidos para uma recupera\u00e7\u00e3o mais r\u00e1pida e um melhor desempenho.<\/p>","protected":false},"featured_media":1858,"comment_status":"open","ping_status":"closed","template":"","meta":{"_acf_changed":false,"inline_featured_image":false},"product_brand":[],"product_cat":[52],"product_tag":[],"class_list":{"0":"post-1837","1":"product","2":"type-product","3":"status-publish","4":"has-post-thumbnail","6":"product_cat-fuerza-musculo-y-recuperacion","8":"first","9":"instock","10":"shipping-taxable","11":"purchasable","12":"product-type-simple"},"acf":[],"_links":{"self":[{"href":"https:\/\/peptilife.me\/pt\/wp-json\/wp\/v2\/product\/1837","targetHints":{"allow":["GET"]}}],"collection":[{"href":"https:\/\/peptilife.me\/pt\/wp-json\/wp\/v2\/product"}],"about":[{"href":"https:\/\/peptilife.me\/pt\/wp-json\/wp\/v2\/types\/product"}],"replies":[{"embeddable":true,"href":"https:\/\/peptilife.me\/pt\/wp-json\/wp\/v2\/comments?post=1837"}],"wp:featuredmedia":[{"embeddable":true,"href":"https:\/\/peptilife.me\/pt\/wp-json\/wp\/v2\/media\/1858"}],"wp:attachment":[{"href":"https:\/\/peptilife.me\/pt\/wp-json\/wp\/v2\/media?parent=1837"}],"wp:term":[{"taxonomy":"product_brand","embeddable":true,"href":"https:\/\/peptilife.me\/pt\/wp-json\/wp\/v2\/product_brand?post=1837"},{"taxonomy":"product_cat","embeddable":true,"href":"https:\/\/peptilife.me\/pt\/wp-json\/wp\/v2\/product_cat?post=1837"},{"taxonomy":"product_tag","embeddable":true,"href":"https:\/\/peptilife.me\/pt\/wp-json\/wp\/v2\/product_tag?post=1837"}],"curies":[{"name":"wp","href":"https:\/\/api.w.org\/{rel}","templated":true}]}}