{"id":1835,"date":"2025-10-03T02:31:45","date_gmt":"2025-10-03T02:31:45","guid":{"rendered":"https:\/\/peptilife.me\/?post_type=product&#038;p=1835"},"modified":"2025-10-03T02:32:21","modified_gmt":"2025-10-03T02:32:21","slug":"tb4-blend-bpc-157-5-mg-5-mg","status":"publish","type":"product","link":"https:\/\/peptilife.me\/pt\/producto\/tb4-blend-bpc-157-5-mg-5-mg\/","title":{"rendered":"Mistura TB4 + BPC-157 | 5 mg + 5 mg"},"content":{"rendered":"<p>A Mistura TB4 + BPC-157 \u00e9 uma f\u00f3rmula sin\u00e9rgica de p\u00e9ptidos concebida para maximizar a capacidade do corpo para curar, regenerar e recuperar.<br \/>\n\t- Timosina Beta-4 (TB4): Conhecida pela sua capacidade de promover a angiog\u00e9nese (forma\u00e7\u00e3o de novos vasos sangu\u00edneos), a TB4 apoia a regenera\u00e7\u00e3o dos tecidos, melhora a flexibilidade e reduz a forma\u00e7\u00e3o de tecido cicatricial. Desempenha um papel vital na cicatriza\u00e7\u00e3o de feridas, na recupera\u00e7\u00e3o muscular e na prote\u00e7\u00e3o cardiovascular.<br \/>\n\t- BPC-157 (Composto de Prote\u00e7\u00e3o Corporal-157): Derivado de prote\u00ednas g\u00e1stricas, o BPC-157 \u00e9 altamente considerado pelas suas propriedades protectoras do intestino, anti-inflamat\u00f3rias e regenerativas. Acelera a cicatriza\u00e7\u00e3o dos tend\u00f5es e ligamentos, protege o trato gastrointestinal e reduz a inflama\u00e7\u00e3o sist\u00e9mica.<\/p>\n<p>Quando combinados, estes p\u00e9ptidos criam uma solu\u00e7\u00e3o de recupera\u00e7\u00e3o abrangente:<br \/>\n\t- Cicatriza\u00e7\u00e3o mais r\u00e1pida das les\u00f5es (musculares, tendinosas, ligamentares e articulares).<br \/>\n\t- Prote\u00e7\u00e3o dos \u00f3rg\u00e3os e dos tecidos contra o stress oxidativo.<br \/>\n\t- Redu\u00e7\u00e3o da inflama\u00e7\u00e3o cr\u00f3nica para melhorar a mobilidade.<br \/>\n\t- Apoio \u00e0 sa\u00fade intestinal e ao equil\u00edbrio sist\u00e9mico.<\/p>\n<p>Esta mistura \u00e9 amplamente reconhecida como uma das combina\u00e7\u00f5es de p\u00e9ptidos curativos e regenerativos mais eficazes, tornando-a ideal para atletas, indiv\u00edduos activos ou qualquer pessoa que procure uma recupera\u00e7\u00e3o \u00f3ptima e uma sa\u00fade dos tecidos a longo prazo.<\/p>","protected":false},"excerpt":{"rendered":"<p>TB4 Blend + BPC-157 combina dois poderosos p\u00e9ptidos de cura que aceleram a repara\u00e7\u00e3o dos tecidos, reduzem a inflama\u00e7\u00e3o e apoiam a recupera\u00e7\u00e3o de les\u00f5es.<\/p>","protected":false},"featured_media":1856,"comment_status":"open","ping_status":"closed","template":"","meta":{"_acf_changed":false,"inline_featured_image":false},"product_brand":[],"product_cat":[52],"product_tag":[],"class_list":{"0":"post-1835","1":"product","2":"type-product","3":"status-publish","4":"has-post-thumbnail","6":"product_cat-fuerza-musculo-y-recuperacion","8":"first","9":"instock","10":"shipping-taxable","11":"purchasable","12":"product-type-simple"},"acf":[],"_links":{"self":[{"href":"https:\/\/peptilife.me\/pt\/wp-json\/wp\/v2\/product\/1835","targetHints":{"allow":["GET"]}}],"collection":[{"href":"https:\/\/peptilife.me\/pt\/wp-json\/wp\/v2\/product"}],"about":[{"href":"https:\/\/peptilife.me\/pt\/wp-json\/wp\/v2\/types\/product"}],"replies":[{"embeddable":true,"href":"https:\/\/peptilife.me\/pt\/wp-json\/wp\/v2\/comments?post=1835"}],"wp:featuredmedia":[{"embeddable":true,"href":"https:\/\/peptilife.me\/pt\/wp-json\/wp\/v2\/media\/1856"}],"wp:attachment":[{"href":"https:\/\/peptilife.me\/pt\/wp-json\/wp\/v2\/media?parent=1835"}],"wp:term":[{"taxonomy":"product_brand","embeddable":true,"href":"https:\/\/peptilife.me\/pt\/wp-json\/wp\/v2\/product_brand?post=1835"},{"taxonomy":"product_cat","embeddable":true,"href":"https:\/\/peptilife.me\/pt\/wp-json\/wp\/v2\/product_cat?post=1835"},{"taxonomy":"product_tag","embeddable":true,"href":"https:\/\/peptilife.me\/pt\/wp-json\/wp\/v2\/product_tag?post=1835"}],"curies":[{"name":"wp","href":"https:\/\/api.w.org\/{rel}","templated":true}]}}