{"id":10,"date":"2025-09-14T21:30:30","date_gmt":"2025-09-14T21:30:30","guid":{"rendered":"https:\/\/peptilife.me\/?page_id=10"},"modified":"2025-09-14T21:37:58","modified_gmt":"2025-09-14T21:37:58","slug":"policy","status":"publish","type":"page","link":"https:\/\/peptilife.me\/pt\/policy\/","title":{"rendered":"Pol\u00edtica"},"content":{"rendered":"<div data-elementor-type=\"wp-page\" data-elementor-id=\"10\" class=\"elementor elementor-10\" data-elementor-post-type=\"page\">\n\t\t\t\t<div class=\"elementor-element elementor-element-4f06945 e-flex e-con-boxed e-con e-parent\" data-id=\"4f06945\" data-element_type=\"container\">\n\t\t\t\t\t<div class=\"e-con-inner\">\n\t\t<div class=\"elementor-element elementor-element-8842f9e e-con-full e-flex e-con e-child\" data-id=\"8842f9e\" data-element_type=\"container\">\n\t\t\t\t<div class=\"elementor-element elementor-element-3edfd3b elementor-view-default elementor-widget elementor-widget-icon\" data-id=\"3edfd3b\" data-element_type=\"widget\" data-widget_type=\"icon.default\">\n\t\t\t\t\t\t\t<div class=\"elementor-icon-wrapper\">\n\t\t\t<div class=\"elementor-icon\">\n\t\t\t<svg xmlns=\"http:\/\/www.w3.org\/2000\/svg\" viewbox=\"0 0 256 256\"><rect width=\"256\" height=\"256\" fill=\"none\"><\/rect><path d=\"M208,40H48A16,16,0,0,0,32,56v56c0,52.72,25.52,84.67,46.93,102.19,23.06,18.86,46,25.26,47,25.53a8,8,0,0,0,4.2,0c1-.27,23.91-6.67,47-25.53C198.48,196.67,224,164.72,224,112V56A16,16,0,0,0,208,40Zm-34.32,69.66-56,56a8,8,0,0,1-11.32,0l-24-24a8,8,0,0,1,11.32-11.32L112,148.69l50.34-50.35a8,8,0,0,1,11.32,11.32Z\"><\/path><\/svg>\t\t\t<\/div>\n\t\t<\/div>\n\t\t\t\t\t\t<\/div>\n\t\t\t\t<div class=\"elementor-element elementor-element-1c98ecf elementor-widget elementor-widget-heading\" data-id=\"1c98ecf\" data-element_type=\"widget\" data-widget_type=\"heading.default\">\n\t\t\t\t\t<h2 class=\"elementor-heading-title elementor-size-default\">Pol\u00edtica<\/h2>\t\t\t\t<\/div>\n\t\t\t\t<div class=\"elementor-element elementor-element-55d4a25 elementor-widget elementor-widget-heading\" data-id=\"55d4a25\" data-element_type=\"widget\" data-widget_type=\"heading.default\">\n\t\t\t\t\t<h2 class=\"elementor-heading-title elementor-size-default\">Termos e condi\u00e7\u00f5es e pol\u00edtica de isen\u00e7\u00e3o de responsabilidade<\/h2>\t\t\t\t<\/div>\n\t\t<div class=\"elementor-element elementor-element-0ffb880 e-con-full e-flex e-con e-child\" data-id=\"0ffb880\" data-element_type=\"container\">\n\t\t\t\t<div class=\"elementor-element elementor-element-354d9b2 elementor-icon-list--layout-traditional elementor-list-item-link-full_width elementor-widget elementor-widget-icon-list\" data-id=\"354d9b2\" data-element_type=\"widget\" data-widget_type=\"icon-list.default\">\n\t\t\t\t\t\t\t<ul class=\"elementor-icon-list-items\">\n\t\t\t\t\t\t\t<li class=\"elementor-icon-list-item\">\n\t\t\t\t\t\t\t\t\t\t<span class=\"elementor-icon-list-text\">Data efectiva: 14 de setembro de 2025<\/span>\n\t\t\t\t\t\t\t\t\t<\/li>\n\t\t\t\t\t\t\t\t<li class=\"elementor-icon-list-item\">\n\t\t\t\t\t\t\t\t\t\t<span class=\"elementor-icon-list-text\">S\u00edtio Web: https:\/\/peptilife.me<\/span>\n\t\t\t\t\t\t\t\t\t<\/li>\n\t\t\t\t\t\t\t\t<li class=\"elementor-icon-list-item\">\n\t\t\t\t\t\t\t\t\t\t<span class=\"elementor-icon-list-text\">Email de contacto: hello@peptilife.me<\/span>\n\t\t\t\t\t\t\t\t\t<\/li>\n\t\t\t\t\t\t<\/ul>\n\t\t\t\t\t\t<\/div>\n\t\t\t\t<\/div>\n\t\t\t\t<\/div>\n\t\t<div class=\"elementor-element elementor-element-721338d e-con-full e-flex e-con e-child\" data-id=\"721338d\" data-element_type=\"container\">\n\t\t\t\t<div class=\"elementor-element elementor-element-771b267 elementor-widget elementor-widget-text-editor\" data-id=\"771b267\" data-element_type=\"widget\" data-widget_type=\"text-editor.default\">\n\t\t\t\t\t\t\t\t\t<p class=\"p1\">\u00a0<\/p>\n<h2><b>1. Introdu\u00e7\u00e3o<\/b><\/h2>\n<p>\u00a0<\/p>\n<p class=\"p3\">Bem-vindo ao <span class=\"s2\"><b>PeptiLife.me<\/b><\/span> (o \"Website\"), operado pela PeptiLife (\"n\u00f3s\", \"nosso\" ou \"nos\"). Ao aceder ou utilizar este Website, o utilizador concorda em ficar vinculado aos seguintes Termos e Condi\u00e7\u00f5es e Pol\u00edtica de Isen\u00e7\u00e3o de Responsabilidade (coletivamente, a \"Pol\u00edtica\"). Se o utilizador n\u00e3o concordar com estes termos, deve interromper imediatamente a utiliza\u00e7\u00e3o do Website e dos seus servi\u00e7os.<\/p>\n<p class=\"p3\">Esta Pol\u00edtica destina-se a cumprir os regulamentos aplic\u00e1veis da Uni\u00e3o Europeia, incluindo, mas n\u00e3o se limitando a:<\/p>\n<p class=\"p1\">\u00a0<\/p>\n<ul>\n<li>\n<p class=\"p1\"><span class=\"s1\"><b>Diretiva 2000\/31\/CE<\/b><\/span> sobre o com\u00e9rcio eletr\u00f3nico<\/p>\n<\/li>\n<li>\n<p class=\"p1\"><b>Diretiva 2011\/83\/UE<\/b><span class=\"s1\"> sobre os direitos dos consumidores<\/span><\/p>\n<\/li>\n<li>\n<p class=\"p1\"><b>Regulamento (UE) 2016\/679 (RGPD)<\/b><span class=\"s1\"> relativamente \u00e0 prote\u00e7\u00e3o de dados<\/span><\/p>\n<\/li>\n<\/ul>\n<h2><b>2. Informa\u00e7\u00f5es de car\u00e1cter geral<\/b><\/h2>\n<p>\u00a0<\/p>\n<p class=\"p4\"><span class=\"s3\">Os produtos e informa\u00e7\u00f5es fornecidos neste s\u00edtio Web destinam-se a <\/span><b>apenas para fins de investiga\u00e7\u00e3o, educativos e laboratoriais<\/b><span class=\"s3\">. S\u00e3o eles <\/span><b>n\u00e3o se destina ao consumo humano, tratamento m\u00e9dico, diagn\u00f3stico ou preven\u00e7\u00e3o de doen\u00e7as<\/b><span class=\"s3\"> a menos que explicitamente autorizado pela lei aplic\u00e1vel.<\/span><\/p>\n<p class=\"p3\">PeptiLife faz <span class=\"s2\"><b>n\u00e3o comercializar, promover ou endossar seus produtos para uso m\u00e9dico, terap\u00eautico ou diet\u00e9tico<\/b><\/span>. Todos os compradores reconhecem que est\u00e3o legalmente autorizados a adquirir esses produtos na sua jurisdi\u00e7\u00e3o.<\/p>\n<h2><b>3. Exonera\u00e7\u00e3o de responsabilidade<\/b><\/h2>\n<h3><b>3.1 Utiliza\u00e7\u00e3o por conta e risco do utilizador<\/b><\/h3>\n<p>\u00a0<\/p>\n<p class=\"p3\">Todos os produtos vendidos neste s\u00edtio Web s\u00e3o fornecidos estritamente numa base <span class=\"s2\"><b>\"tal como est\u00e1\"<\/b><\/span>. Ao comprar ou utilizar qualquer produto, o utilizador reconhece e aceita que:<\/p>\n<p class=\"p1\">\u00a0<\/p>\n<ul>\n<li>\n<p class=\"p1\">Presume-se que <span class=\"s1\"><b>plena responsabilidade<\/b><\/span> por qualquer utiliza\u00e7\u00e3o, utiliza\u00e7\u00e3o incorrecta, armazenamento, manuseamento ou aplica\u00e7\u00e3o dos produtos.<\/p>\n<\/li>\n<li>\n<p class=\"p1\">PeptiLife deve <span class=\"s1\"><b>n\u00e3o ser responsabilizado<\/b><\/span> por quaisquer danos diretos, indirectos, acidentais, consequenciais ou punitivos resultantes de ou relacionados com a utiliza\u00e7\u00e3o incorrecta dos produtos.<\/p>\n<\/li>\n<\/ul>\n<p>\u00a0<\/p>\n<p class=\"p1\">\u00a0<\/p>\n<h3><b>3.2 Sem aconselhamento m\u00e9dico<\/b><\/h3>\n<p>\u00a0<\/p>\n<p class=\"p3\">Nada neste s\u00edtio Web constitui aconselhamento m\u00e9dico, farmac\u00eautico ou profissional. O utilizador deve consultar um profissional de sa\u00fade qualificado antes de tomar quaisquer decis\u00f5es que possam afetar a sua sa\u00fade.<\/p>\n<p class=\"p1\">\u00a0<\/p>\n<h3><b>3.3 Exonera\u00e7\u00e3o de responsabilidade<\/b><\/h3>\n<p>\u00a0<\/p>\n<p class=\"p3\">Ao utilizar este Website e comprar produtos, o utilizador concorda explicitamente em libertar, indemnizar e isentar a PeptiLife, os seus propriet\u00e1rios, funcion\u00e1rios, parceiros e afiliados de quaisquer reclama\u00e7\u00f5es, danos, responsabilidades ou despesas decorrentes de:<\/p>\n<p class=\"p1\">\u00a0<\/p>\n<ul>\n<li>\n<p class=\"p1\">Utiliza\u00e7\u00e3o incorrecta ou n\u00e3o autorizada dos produtos,<\/p>\n<\/li>\n<li>\n<p class=\"p1\">Viola\u00e7\u00e3o de leis locais, nacionais ou internacionais aplic\u00e1veis,<\/p>\n<\/li>\n<li>\n<p class=\"p1\">Incumprimento das diretrizes de seguran\u00e7a, dos procedimentos de manuseamento ou dos requisitos de armazenamento.<\/p>\n<\/li>\n<\/ul>\n<p>\u00a0<\/p>\n<p class=\"p3\">Esta vers\u00e3o funciona como se o utilizador tivesse <span class=\"s2\"><b>assinou formalmente uma declara\u00e7\u00e3o de exonera\u00e7\u00e3o de responsabilidade<\/b><\/span>.<\/p>\n<p class=\"p1\">\u00a0<\/p>\n<h2><b>4. Conformidade legal<\/b><\/h2>\n<p>\u00a0<\/p>\n<p class=\"p3\">\u00c9 da responsabilidade do cliente garantir que a compra, importa\u00e7\u00e3o, posse ou utiliza\u00e7\u00e3o de produtos da PeptiLife est\u00e1 em conformidade com as leis e regulamentos do seu pa\u00eds de resid\u00eancia. A PeptiLife se isenta de qualquer responsabilidade por produtos apreendidos, restritos ou proibidos pelas regulamenta\u00e7\u00f5es locais.<\/p>\n<p class=\"p1\">\u00a0<\/p>\n<h2><b>5. Propriedade intelectual<\/b><\/h2>\n<p>\u00a0<\/p>\n<p class=\"p3\">Todo o conte\u00fado, marcas registadas, log\u00f3tipos e materiais neste Website s\u00e3o propriedade exclusiva da PeptiLife, salvo indica\u00e7\u00e3o em contr\u00e1rio. A reprodu\u00e7\u00e3o, distribui\u00e7\u00e3o ou modifica\u00e7\u00e3o n\u00e3o autorizada \u00e9 estritamente proibida.<\/p>\n<p class=\"p1\">\u00a0<\/p>\n<h2><b>6. Limita\u00e7\u00e3o das garantias<\/b><\/h2>\n<p>\u00a0<\/p>\n<p class=\"p3\">Em toda a extens\u00e3o permitida por lei:<\/p>\n<p class=\"p1\">\u00a0<\/p>\n<ul>\n<li>\n<p class=\"p1\">N\u00e3o fornecemos qualquer garantia relativamente \u00e0 exatid\u00e3o, fiabilidade ou integridade das descri\u00e7\u00f5es de produtos, dados ou conte\u00fado do Website.<\/p>\n<\/li>\n<li>\n<p class=\"p1\">A Mars declina todas as garantias impl\u00edcitas, incluindo a comercializa\u00e7\u00e3o ou a adequa\u00e7\u00e3o a um determinado fim.<\/p>\n<\/li>\n<\/ul>\n<p class=\"p1\">\u00a0<\/p>\n<h2><b>7. Indemniza\u00e7\u00e3o<\/b><\/h2>\n<p>\u00a0<\/p>\n<p class=\"p3\">Concorda em indemnizar, defender e isentar a PeptiLife de qualquer reclama\u00e7\u00e3o ou exig\u00eancia, incluindo honor\u00e1rios legais razo\u00e1veis, decorrentes da sua utiliza\u00e7\u00e3o do Website, viola\u00e7\u00e3o desta Pol\u00edtica ou viola\u00e7\u00e3o das leis aplic\u00e1veis.<\/p>\n<p class=\"p1\">\u00a0<\/p>\n<h2><b>8. Direito aplic\u00e1vel e jurisdi\u00e7\u00e3o<\/b><\/h2>\n<p>\u00a0<\/p>\n<p class=\"p3\">A presente Pol\u00edtica ser\u00e1 regida e interpretada de acordo com as leis do <span class=\"s2\"><b>Uni\u00e3o Europeia<\/b><\/span> e, se for caso disso, as leis do <span class=\"s2\"><b>Reino de Espanha<\/b><\/span>. Todos os lit\u00edgios est\u00e3o sujeitos ao <span class=\"s2\"><b>compet\u00eancia exclusiva dos tribunais competentes de Madrid, Espanha<\/b><\/span>.<\/p>\n<p class=\"p1\">\u00a0<\/p>\n<h2><b>9. Aceita\u00e7\u00e3o das condi\u00e7\u00f5es<\/b><\/h2>\n<p>\u00a0<\/p>\n<p class=\"p3\">Ao utilizar o s\u00edtio Web, o utilizador reconhece que leu, compreendeu e concordou com esta Pol\u00edtica. A utiliza\u00e7\u00e3o continuada do s\u00edtio Web por parte do utilizador constitui a aceita\u00e7\u00e3o destes termos e serve como <span class=\"s2\"><b>assinatura digital vinculativa equivalente<\/b><\/span> para assinar um contrato escrito.<\/p>\n<p class=\"p1\">\u00a0<\/p>\n<h2><b>10. Contacto<\/b><\/h2>\n<p>\u00a0<\/p>\n<p class=\"p3\">Se tiver alguma quest\u00e3o relacionada com esta Pol\u00edtica, contacte-nos atrav\u00e9s de<\/p>\n<p class=\"p4\"><span class=\"s3\">\ud83d\udce7 <\/span><b>hello@peptilife.me<\/b><\/p>\t\t\t\t\t\t\t\t<\/div>\n\t\t\t\t<\/div>\n\t\t\t\t\t<\/div>\n\t\t\t\t<\/div>\n\t\t\t\t<\/div>","protected":false},"excerpt":{"rendered":"<p>Policy Terms &#038; Conditions and Disclaimer Policy Effective Date: September 14, 2025 Website: https:\/\/peptilife.me Contact Email: hello@peptilife.me \u00a0 1. Introduction \u00a0 Welcome to PeptiLife.me (the \u201cWebsite\u201d), operated by PeptiLife (\u201cwe,\u201d \u201cour,\u201d or \u201cus\u201d). By accessing or using this Website, you agree to be bound by the following Terms &amp; Conditions and Disclaimer Policy (collectively, the [&hellip;]<\/p>","protected":false},"author":1,"featured_media":0,"parent":0,"menu_order":0,"comment_status":"closed","ping_status":"closed","template":"","meta":{"_acf_changed":false,"inline_featured_image":false,"footnotes":""},"class_list":["post-10","page","type-page","status-publish","hentry"],"acf":[],"_links":{"self":[{"href":"https:\/\/peptilife.me\/pt\/wp-json\/wp\/v2\/pages\/10","targetHints":{"allow":["GET"]}}],"collection":[{"href":"https:\/\/peptilife.me\/pt\/wp-json\/wp\/v2\/pages"}],"about":[{"href":"https:\/\/peptilife.me\/pt\/wp-json\/wp\/v2\/types\/page"}],"author":[{"embeddable":true,"href":"https:\/\/peptilife.me\/pt\/wp-json\/wp\/v2\/users\/1"}],"replies":[{"embeddable":true,"href":"https:\/\/peptilife.me\/pt\/wp-json\/wp\/v2\/comments?post=10"}],"version-history":[{"count":4,"href":"https:\/\/peptilife.me\/pt\/wp-json\/wp\/v2\/pages\/10\/revisions"}],"predecessor-version":[{"id":1540,"href":"https:\/\/peptilife.me\/pt\/wp-json\/wp\/v2\/pages\/10\/revisions\/1540"}],"wp:attachment":[{"href":"https:\/\/peptilife.me\/pt\/wp-json\/wp\/v2\/media?parent=10"}],"curies":[{"name":"wp","href":"https:\/\/api.w.org\/{rel}","templated":true}]}}