{"id":1837,"date":"2025-10-03T02:31:47","date_gmt":"2025-10-03T02:31:47","guid":{"rendered":"https:\/\/peptilife.me\/?post_type=product&#038;p=1837"},"modified":"2025-10-03T02:41:36","modified_gmt":"2025-10-03T02:41:36","slug":"tb-500-thymosin-beta-10-mg","status":"publish","type":"product","link":"https:\/\/peptilife.me\/it\/producto\/tb-500-thymosin-beta-10-mg\/","title":{"rendered":"TB-500 (Timosina Beta) | 10 mg"},"content":{"rendered":"<p>TB-500 (Timosina Beta) \u00e8 una versione sintetica di un peptide naturale presente in quasi tutte le cellule umane e animali, riconosciuto per le sue potenti propriet\u00e0 rigenerative e curative. Svolge un ruolo centrale nella riparazione dei tessuti regolando l'actina, una proteina fondamentale per la struttura e il movimento delle cellule.<\/p>\n<p>TB-500 \u00e8 molto apprezzato per la sua capacit\u00e0 di:<br \/>\n- Accelera la guarigione di ferite e lesioni: Favorisce il recupero di muscoli, tendini, legamenti e articolazioni.<br \/>\n- Promuove l'angiogenesi: Stimola la formazione di nuovi vasi sanguigni, migliorando la circolazione e l'apporto di nutrienti ai tessuti danneggiati.<br \/>\n- Ridurre l'infiammazione: Aiuta a ridurre l'infiammazione cronica, migliorando la mobilit\u00e0 e la flessibilit\u00e0.<br \/>\n- Migliora le prestazioni e il recupero: Facilita una guarigione pi\u00f9 rapida dopo un'attivit\u00e0 fisica intensa o un infortunio.<\/p>\n<p>Favorendo una rapida rigenerazione dei tessuti e riducendo i tempi di inattivit\u00e0, TB-500 \u00e8 diventato uno dei peptidi pi\u00f9 efficaci per gli atleti, le persone attive e coloro che cercano di migliorare il recupero e la resistenza. La sua capacit\u00e0 di guarigione sistemica lo rende una pietra miliare nei protocolli di rigenerazione e di miglioramento delle prestazioni.<\/p>","protected":false},"excerpt":{"rendered":"<p>TB-500 \u00e8 un peptide rigenerativo che accelera la guarigione, riduce l'infiammazione e favorisce la riparazione dei tessuti per un recupero pi\u00f9 rapido e prestazioni migliori.<\/p>","protected":false},"featured_media":1858,"comment_status":"open","ping_status":"closed","template":"","meta":{"_acf_changed":false,"inline_featured_image":false},"product_brand":[],"product_cat":[52],"product_tag":[],"class_list":{"0":"post-1837","1":"product","2":"type-product","3":"status-publish","4":"has-post-thumbnail","6":"product_cat-fuerza-musculo-y-recuperacion","8":"first","9":"instock","10":"shipping-taxable","11":"purchasable","12":"product-type-simple"},"acf":[],"_links":{"self":[{"href":"https:\/\/peptilife.me\/it\/wp-json\/wp\/v2\/product\/1837","targetHints":{"allow":["GET"]}}],"collection":[{"href":"https:\/\/peptilife.me\/it\/wp-json\/wp\/v2\/product"}],"about":[{"href":"https:\/\/peptilife.me\/it\/wp-json\/wp\/v2\/types\/product"}],"replies":[{"embeddable":true,"href":"https:\/\/peptilife.me\/it\/wp-json\/wp\/v2\/comments?post=1837"}],"wp:featuredmedia":[{"embeddable":true,"href":"https:\/\/peptilife.me\/it\/wp-json\/wp\/v2\/media\/1858"}],"wp:attachment":[{"href":"https:\/\/peptilife.me\/it\/wp-json\/wp\/v2\/media?parent=1837"}],"wp:term":[{"taxonomy":"product_brand","embeddable":true,"href":"https:\/\/peptilife.me\/it\/wp-json\/wp\/v2\/product_brand?post=1837"},{"taxonomy":"product_cat","embeddable":true,"href":"https:\/\/peptilife.me\/it\/wp-json\/wp\/v2\/product_cat?post=1837"},{"taxonomy":"product_tag","embeddable":true,"href":"https:\/\/peptilife.me\/it\/wp-json\/wp\/v2\/product_tag?post=1837"}],"curies":[{"name":"wp","href":"https:\/\/api.w.org\/{rel}","templated":true}]}}