{"id":1835,"date":"2025-10-03T02:31:45","date_gmt":"2025-10-03T02:31:45","guid":{"rendered":"https:\/\/peptilife.me\/?post_type=product&#038;p=1835"},"modified":"2025-10-03T02:32:21","modified_gmt":"2025-10-03T02:32:21","slug":"tb4-blend-bpc-157-5-mg-5-mg","status":"publish","type":"product","link":"https:\/\/peptilife.me\/it\/producto\/tb4-blend-bpc-157-5-mg-5-mg\/","title":{"rendered":"Miscela TB4 + BPC-157 | 5 mg + 5 mg"},"content":{"rendered":"<p>La Miscela TB4 + BPC-157 \u00e8 una formulazione peptidica sinergica studiata per massimizzare la capacit\u00e0 di guarigione, rigenerazione e recupero dell'organismo.<br \/>\n\t- Timosina Beta-4 (TB4): Nota per la sua capacit\u00e0 di promuovere l'angiogenesi (formazione di nuovi vasi sanguigni), la TB4 favorisce la rigenerazione dei tessuti, migliora la flessibilit\u00e0 e riduce la formazione di tessuto cicatriziale. Svolge un ruolo fondamentale nella guarigione delle ferite, nel recupero muscolare e nella protezione cardiovascolare.<br \/>\n\t- BPC-157 (Body Protection Compound-157): Derivato dalle proteine gastriche, il BPC-157 \u00e8 molto apprezzato per le sue propriet\u00e0 protettive dell'intestino, antinfiammatorie e rigenerative. Accelera la guarigione di tendini e legamenti, protegge il tratto gastrointestinale e riduce l'infiammazione sistemica.<\/p>\n<p>Combinati, questi peptidi creano una soluzione completa per il recupero:<br \/>\n\t- Guarigione pi\u00f9 rapida delle lesioni (muscolari, tendinee, legamentose e articolari).<br \/>\n\t- Protezione di organi e tessuti dallo stress ossidativo.<br \/>\n\t- Riduzione dell'infiammazione cronica per migliorare la mobilit\u00e0.<br \/>\n\t- Sostiene la salute dell'intestino e l'equilibrio sistemico.<\/p>\n<p>Questa miscela \u00e8 ampiamente riconosciuta come una delle combinazioni di peptidi pi\u00f9 efficaci per la guarigione e la rigenerazione, ed \u00e8 quindi ideale per gli atleti, le persone attive o chiunque cerchi un recupero ottimale e la salute dei tessuti a lungo termine.<\/p>","protected":false},"excerpt":{"rendered":"<p>TB4 Blend + BPC-157 combina due potenti peptidi curativi che accelerano la riparazione dei tessuti, riducono l'infiammazione e favoriscono il recupero dalle lesioni.<\/p>","protected":false},"featured_media":1856,"comment_status":"open","ping_status":"closed","template":"","meta":{"_acf_changed":false,"inline_featured_image":false},"product_brand":[],"product_cat":[52],"product_tag":[],"class_list":{"0":"post-1835","1":"product","2":"type-product","3":"status-publish","4":"has-post-thumbnail","6":"product_cat-fuerza-musculo-y-recuperacion","8":"first","9":"instock","10":"shipping-taxable","11":"purchasable","12":"product-type-simple"},"acf":[],"_links":{"self":[{"href":"https:\/\/peptilife.me\/it\/wp-json\/wp\/v2\/product\/1835","targetHints":{"allow":["GET"]}}],"collection":[{"href":"https:\/\/peptilife.me\/it\/wp-json\/wp\/v2\/product"}],"about":[{"href":"https:\/\/peptilife.me\/it\/wp-json\/wp\/v2\/types\/product"}],"replies":[{"embeddable":true,"href":"https:\/\/peptilife.me\/it\/wp-json\/wp\/v2\/comments?post=1835"}],"wp:featuredmedia":[{"embeddable":true,"href":"https:\/\/peptilife.me\/it\/wp-json\/wp\/v2\/media\/1856"}],"wp:attachment":[{"href":"https:\/\/peptilife.me\/it\/wp-json\/wp\/v2\/media?parent=1835"}],"wp:term":[{"taxonomy":"product_brand","embeddable":true,"href":"https:\/\/peptilife.me\/it\/wp-json\/wp\/v2\/product_brand?post=1835"},{"taxonomy":"product_cat","embeddable":true,"href":"https:\/\/peptilife.me\/it\/wp-json\/wp\/v2\/product_cat?post=1835"},{"taxonomy":"product_tag","embeddable":true,"href":"https:\/\/peptilife.me\/it\/wp-json\/wp\/v2\/product_tag?post=1835"}],"curies":[{"name":"wp","href":"https:\/\/api.w.org\/{rel}","templated":true}]}}