{"id":1842,"date":"2025-10-03T02:31:50","date_gmt":"2025-10-03T02:31:50","guid":{"rendered":"https:\/\/peptilife.me\/?post_type=product&#038;p=1842"},"modified":"2025-10-03T02:39:14","modified_gmt":"2025-10-03T02:39:14","slug":"nad-500-mg","status":"publish","type":"product","link":"https:\/\/peptilife.me\/fr\/producto\/nad-500-mg\/","title":{"rendered":"NAD+ | 500 mg"},"content":{"rendered":"<p>Le NAD+ (Nicotinamide Ad\u00e9nine Dinucl\u00e9otide) est une coenzyme vitale pr\u00e9sente dans chaque cellule du corps, essentielle \u00e0 la production d'\u00e9nergie, \u00e0 la r\u00e9paration de l'ADN et au m\u00e9tabolisme cellulaire. Les niveaux de NAD+ diminuent naturellement avec l'\u00e2ge, entra\u00eenant une r\u00e9duction de la fonction mitochondriale, une baisse de l'\u00e9nergie et une alt\u00e9ration de la r\u00e9paration cellulaire.<\/p>\n<p>Il a \u00e9t\u00e9 d\u00e9montr\u00e9 qu'une suppl\u00e9mentation en NAD+ permettait de :<br \/>\n- Stimule l'\u00e9nergie et la vitalit\u00e9 : Am\u00e9liore l'efficacit\u00e9 des mitochondries pour des performances physiques et mentales soutenues.<br \/>\n- Favoriser un vieillissement en bonne sant\u00e9 : Favorise la r\u00e9paration de l'ADN et contribue \u00e0 ralentir les processus de vieillissement cellulaire.<br \/>\n- Am\u00e9liorer les fonctions cognitives : Favorise la sant\u00e9 du cerveau, la concentration et la m\u00e9moire en stimulant l'activit\u00e9 neuronale.<br \/>\n- Contribue \u00e0 l'\u00e9quilibre m\u00e9tabolique : Joue un r\u00f4le cl\u00e9 dans le m\u00e9tabolisme du glucose et des graisses.<\/p>\n<p>En tant que pierre angulaire de la sant\u00e9 cellulaire, le NAD+ est tr\u00e8s appr\u00e9ci\u00e9 dans les protocoles de long\u00e9vit\u00e9 et de biohacking, aidant \u00e0 restaurer l'\u00e9nergie de la jeunesse, \u00e0 am\u00e9liorer la r\u00e9silience et \u00e0 soutenir le bien-\u00eatre \u00e0 long terme.<\/p>","protected":false},"excerpt":{"rendered":"<p>Le NAD+ est une coenzyme vitale qui stimule l'\u00e9nergie, soutient la r\u00e9paration de l'ADN et favorise le vieillissement en bonne sant\u00e9 et les fonctions cognitives.<\/p>","protected":false},"featured_media":1863,"comment_status":"open","ping_status":"closed","template":"","meta":{"_acf_changed":false,"inline_featured_image":false},"product_brand":[],"product_cat":[53],"product_tag":[],"class_list":{"0":"post-1842","1":"product","2":"type-product","3":"status-publish","4":"has-post-thumbnail","6":"product_cat-rejuvenecimiento-y-belleza","8":"first","9":"instock","10":"shipping-taxable","11":"purchasable","12":"product-type-simple"},"acf":[],"_links":{"self":[{"href":"https:\/\/peptilife.me\/fr\/wp-json\/wp\/v2\/product\/1842","targetHints":{"allow":["GET"]}}],"collection":[{"href":"https:\/\/peptilife.me\/fr\/wp-json\/wp\/v2\/product"}],"about":[{"href":"https:\/\/peptilife.me\/fr\/wp-json\/wp\/v2\/types\/product"}],"replies":[{"embeddable":true,"href":"https:\/\/peptilife.me\/fr\/wp-json\/wp\/v2\/comments?post=1842"}],"wp:featuredmedia":[{"embeddable":true,"href":"https:\/\/peptilife.me\/fr\/wp-json\/wp\/v2\/media\/1863"}],"wp:attachment":[{"href":"https:\/\/peptilife.me\/fr\/wp-json\/wp\/v2\/media?parent=1842"}],"wp:term":[{"taxonomy":"product_brand","embeddable":true,"href":"https:\/\/peptilife.me\/fr\/wp-json\/wp\/v2\/product_brand?post=1842"},{"taxonomy":"product_cat","embeddable":true,"href":"https:\/\/peptilife.me\/fr\/wp-json\/wp\/v2\/product_cat?post=1842"},{"taxonomy":"product_tag","embeddable":true,"href":"https:\/\/peptilife.me\/fr\/wp-json\/wp\/v2\/product_tag?post=1842"}],"curies":[{"name":"wp","href":"https:\/\/api.w.org\/{rel}","templated":true}]}}