{"id":1839,"date":"2025-10-03T02:31:48","date_gmt":"2025-10-03T02:31:48","guid":{"rendered":"https:\/\/peptilife.me\/?post_type=product&#038;p=1839"},"modified":"2025-10-03T02:40:48","modified_gmt":"2025-10-03T02:40:48","slug":"epithalon-10-mg","status":"publish","type":"product","link":"https:\/\/peptilife.me\/fr\/producto\/epithalon-10-mg\/","title":{"rendered":"Epithalon | 10 mg"},"content":{"rendered":"<p>L'\u00e9pithalon est un peptide synth\u00e9tique d\u00e9riv\u00e9 de la prot\u00e9ine naturelle de la glande pin\u00e9ale, l'\u00e9pithalamine, connue pour ses effets anti-\u00e2ge et de long\u00e9vit\u00e9. Il agit principalement en stimulant l'activit\u00e9 de la t\u00e9lom\u00e9rase, une enzyme responsable du maintien et de l'allongement des t\u00e9lom\u00e8res, qui sont essentiels \u00e0 la dur\u00e9e de vie cellulaire et \u00e0 la stabilit\u00e9 g\u00e9n\u00e9tique.<\/p>\n<p>Les principaux avantages de l'Epithalon sont les suivants<br \/>\n- Long\u00e9vit\u00e9 cellulaire : Aide \u00e0 prot\u00e9ger et \u00e0 allonger les t\u00e9lom\u00e8res, ralentissant ainsi le vieillissement cellulaire.<br \/>\n- Soutien du syst\u00e8me immunitaire : Renforce la r\u00e9sistance au d\u00e9clin li\u00e9 \u00e0 l'\u00e2ge et soutient la fonction immunitaire.<br \/>\n- Am\u00e9lioration du sommeil et du rythme circadien : R\u00e9gule la production de m\u00e9latonine, favorisant un sommeil plus profond et plus r\u00e9parateur.<br \/>\n- Peau et vitalit\u00e9 : Favorise le rajeunissement, l'\u00e9quilibre \u00e9nerg\u00e9tique et le bien-\u00eatre g\u00e9n\u00e9ral.<\/p>\n<p>En raison de son r\u00f4le dans la r\u00e9g\u00e9n\u00e9ration cellulaire et la gestion de l'\u00e2ge, l'\u00e9pithalon est tr\u00e8s appr\u00e9ci\u00e9 dans les protocoles anti-\u00e2ge, aidant \u00e0 soutenir non seulement l'apparence mais aussi la sant\u00e9 et la vitalit\u00e9 \u00e0 long terme.<\/p>","protected":false},"excerpt":{"rendered":"<p>L'\u00e9pithalon est un peptide anti-\u00e2ge qui favorise la protection des t\u00e9lom\u00e8res, la r\u00e9g\u00e9n\u00e9ration cellulaire, un meilleur sommeil et la long\u00e9vit\u00e9 en g\u00e9n\u00e9ral.<\/p>","protected":false},"featured_media":1860,"comment_status":"open","ping_status":"closed","template":"","meta":{"_acf_changed":false,"inline_featured_image":false},"product_brand":[],"product_cat":[53],"product_tag":[],"class_list":{"0":"post-1839","1":"product","2":"type-product","3":"status-publish","4":"has-post-thumbnail","6":"product_cat-rejuvenecimiento-y-belleza","8":"first","9":"instock","10":"shipping-taxable","11":"purchasable","12":"product-type-simple"},"acf":[],"_links":{"self":[{"href":"https:\/\/peptilife.me\/fr\/wp-json\/wp\/v2\/product\/1839","targetHints":{"allow":["GET"]}}],"collection":[{"href":"https:\/\/peptilife.me\/fr\/wp-json\/wp\/v2\/product"}],"about":[{"href":"https:\/\/peptilife.me\/fr\/wp-json\/wp\/v2\/types\/product"}],"replies":[{"embeddable":true,"href":"https:\/\/peptilife.me\/fr\/wp-json\/wp\/v2\/comments?post=1839"}],"wp:featuredmedia":[{"embeddable":true,"href":"https:\/\/peptilife.me\/fr\/wp-json\/wp\/v2\/media\/1860"}],"wp:attachment":[{"href":"https:\/\/peptilife.me\/fr\/wp-json\/wp\/v2\/media?parent=1839"}],"wp:term":[{"taxonomy":"product_brand","embeddable":true,"href":"https:\/\/peptilife.me\/fr\/wp-json\/wp\/v2\/product_brand?post=1839"},{"taxonomy":"product_cat","embeddable":true,"href":"https:\/\/peptilife.me\/fr\/wp-json\/wp\/v2\/product_cat?post=1839"},{"taxonomy":"product_tag","embeddable":true,"href":"https:\/\/peptilife.me\/fr\/wp-json\/wp\/v2\/product_tag?post=1839"}],"curies":[{"name":"wp","href":"https:\/\/api.w.org\/{rel}","templated":true}]}}