{"id":1838,"date":"2025-10-03T02:31:47","date_gmt":"2025-10-03T02:31:47","guid":{"rendered":"https:\/\/peptilife.me\/?post_type=product&#038;p=1838"},"modified":"2025-10-03T02:42:34","modified_gmt":"2025-10-03T02:42:34","slug":"ghk-cu-100-mg","status":"publish","type":"product","link":"https:\/\/peptilife.me\/fr\/producto\/ghk-cu-100-mg\/","title":{"rendered":"GHK-Cu | 100 mg"},"content":{"rendered":"<p>GHK-Cu est un complexe de peptides de cuivre naturellement pr\u00e9sent dans le corps humain et largement reconnu pour ses propri\u00e9t\u00e9s de rajeunissement et de r\u00e9g\u00e9n\u00e9ration de la peau. Il stimule la production de collag\u00e8ne et de glycosaminoglycanes, favorise la cicatrisation et restaure l'\u00e9lasticit\u00e9 de la peau.<\/p>\n<p>Des \u00e9tudes scientifiques mettent en \u00e9vidence son r\u00f4le dans :<br \/>\n- R\u00e9g\u00e9n\u00e9ration de la peau : Am\u00e9liore la fermet\u00e9, l'\u00e9lasticit\u00e9 et r\u00e9duit les ridules.<br \/>\n- Soutien \u00e0 la croissance des cheveux : Stimule les follicules et aide \u00e0 renforcer les cheveux \u00e0 la racine.<br \/>\n- Action anti-inflammatoire : Favorise la cicatrisation des tissus et r\u00e9duit le stress oxydatif.<br \/>\n- R\u00e9paration des tissus : Aide \u00e0 la cicatrisation des plaies et \u00e0 la r\u00e9duction des cicatrices en favorisant la formation de vaisseaux sanguins.<\/p>\n<p>En raison de ses avantages combin\u00e9s pour la peau, les cheveux et la r\u00e9g\u00e9n\u00e9ration des tissus, le GHK-Cu est l'un des peptides bioactifs les plus puissants pour l'anti-\u00e2ge et le bien-\u00eatre esth\u00e9tique, ce qui le rend tr\u00e8s recherch\u00e9 dans les protocoles de rajeunissement.<\/p>","protected":false},"excerpt":{"rendered":"<p>GHK-Cu est un peptide de cuivre qui favorise la production de collag\u00e8ne, le rajeunissement de la peau et la r\u00e9paration des tissus tout en r\u00e9duisant les signes de vieillissement.<\/p>","protected":false},"featured_media":1859,"comment_status":"open","ping_status":"closed","template":"","meta":{"_acf_changed":false,"inline_featured_image":false},"product_brand":[],"product_cat":[53],"product_tag":[],"class_list":{"0":"post-1838","1":"product","2":"type-product","3":"status-publish","4":"has-post-thumbnail","6":"product_cat-rejuvenecimiento-y-belleza","8":"first","9":"instock","10":"shipping-taxable","11":"purchasable","12":"product-type-simple"},"acf":[],"_links":{"self":[{"href":"https:\/\/peptilife.me\/fr\/wp-json\/wp\/v2\/product\/1838","targetHints":{"allow":["GET"]}}],"collection":[{"href":"https:\/\/peptilife.me\/fr\/wp-json\/wp\/v2\/product"}],"about":[{"href":"https:\/\/peptilife.me\/fr\/wp-json\/wp\/v2\/types\/product"}],"replies":[{"embeddable":true,"href":"https:\/\/peptilife.me\/fr\/wp-json\/wp\/v2\/comments?post=1838"}],"wp:featuredmedia":[{"embeddable":true,"href":"https:\/\/peptilife.me\/fr\/wp-json\/wp\/v2\/media\/1859"}],"wp:attachment":[{"href":"https:\/\/peptilife.me\/fr\/wp-json\/wp\/v2\/media?parent=1838"}],"wp:term":[{"taxonomy":"product_brand","embeddable":true,"href":"https:\/\/peptilife.me\/fr\/wp-json\/wp\/v2\/product_brand?post=1838"},{"taxonomy":"product_cat","embeddable":true,"href":"https:\/\/peptilife.me\/fr\/wp-json\/wp\/v2\/product_cat?post=1838"},{"taxonomy":"product_tag","embeddable":true,"href":"https:\/\/peptilife.me\/fr\/wp-json\/wp\/v2\/product_tag?post=1838"}],"curies":[{"name":"wp","href":"https:\/\/api.w.org\/{rel}","templated":true}]}}