{"id":1837,"date":"2025-10-03T02:31:47","date_gmt":"2025-10-03T02:31:47","guid":{"rendered":"https:\/\/peptilife.me\/?post_type=product&#038;p=1837"},"modified":"2025-10-03T02:41:36","modified_gmt":"2025-10-03T02:41:36","slug":"tb-500-thymosin-beta-10-mg","status":"publish","type":"product","link":"https:\/\/peptilife.me\/fr\/producto\/tb-500-thymosin-beta-10-mg\/","title":{"rendered":"TB-500 (Thymosine Beta) | 10 mg"},"content":{"rendered":"<p>TB-500 (Thymosin Beta) est une version synth\u00e9tique d'un peptide naturel pr\u00e9sent dans presque toutes les cellules humaines et animales, reconnu pour ses puissantes propri\u00e9t\u00e9s r\u00e9g\u00e9n\u00e9ratrices et curatives. Il joue un r\u00f4le central dans la r\u00e9paration des tissus en r\u00e9gulant l'actine, une prot\u00e9ine essentielle \u00e0 la structure et au mouvement des cellules.<\/p>\n<p>Le TB-500 est tr\u00e8s appr\u00e9ci\u00e9 pour sa capacit\u00e9 \u00e0 :<br \/>\n- Acc\u00e9l\u00e8re la cicatrisation des plaies et des blessures : Favorise la r\u00e9cup\u00e9ration des muscles, des tendons, des ligaments et des articulations.<br \/>\n- Favoriser l'angiogen\u00e8se : Stimule la formation de nouveaux vaisseaux sanguins, am\u00e9liorant ainsi la circulation et l'apport de nutriments aux tissus endommag\u00e9s.<br \/>\n- R\u00e9duire l'inflammation : Contribue \u00e0 r\u00e9duire l'inflammation chronique et \u00e0 am\u00e9liorer la mobilit\u00e9 et la flexibilit\u00e9.<br \/>\n- Am\u00e9liorer les performances et la r\u00e9cup\u00e9ration : Facilite une gu\u00e9rison plus rapide apr\u00e8s une activit\u00e9 physique intense ou une blessure.<\/p>\n<p>En encourageant la r\u00e9g\u00e9n\u00e9ration rapide des tissus et en r\u00e9duisant les temps d'arr\u00eat, TB-500 est devenu l'un des peptides les plus efficaces pour les athl\u00e8tes, les personnes actives et celles qui cherchent \u00e0 am\u00e9liorer leur r\u00e9cup\u00e9ration et leur r\u00e9silience. Sa capacit\u00e9 de gu\u00e9rison syst\u00e9mique en fait une pierre angulaire des protocoles de r\u00e9g\u00e9n\u00e9ration et d'am\u00e9lioration des performances.<\/p>","protected":false},"excerpt":{"rendered":"<p>TB-500 est un peptide r\u00e9g\u00e9n\u00e9rateur qui acc\u00e9l\u00e8re la cicatrisation, r\u00e9duit l'inflammation et favorise la r\u00e9paration des tissus pour une r\u00e9cup\u00e9ration plus rapide et de meilleures performances.<\/p>","protected":false},"featured_media":1858,"comment_status":"open","ping_status":"closed","template":"","meta":{"_acf_changed":false,"inline_featured_image":false},"product_brand":[],"product_cat":[52],"product_tag":[],"class_list":{"0":"post-1837","1":"product","2":"type-product","3":"status-publish","4":"has-post-thumbnail","6":"product_cat-fuerza-musculo-y-recuperacion","8":"first","9":"instock","10":"shipping-taxable","11":"purchasable","12":"product-type-simple"},"acf":[],"_links":{"self":[{"href":"https:\/\/peptilife.me\/fr\/wp-json\/wp\/v2\/product\/1837","targetHints":{"allow":["GET"]}}],"collection":[{"href":"https:\/\/peptilife.me\/fr\/wp-json\/wp\/v2\/product"}],"about":[{"href":"https:\/\/peptilife.me\/fr\/wp-json\/wp\/v2\/types\/product"}],"replies":[{"embeddable":true,"href":"https:\/\/peptilife.me\/fr\/wp-json\/wp\/v2\/comments?post=1837"}],"wp:featuredmedia":[{"embeddable":true,"href":"https:\/\/peptilife.me\/fr\/wp-json\/wp\/v2\/media\/1858"}],"wp:attachment":[{"href":"https:\/\/peptilife.me\/fr\/wp-json\/wp\/v2\/media?parent=1837"}],"wp:term":[{"taxonomy":"product_brand","embeddable":true,"href":"https:\/\/peptilife.me\/fr\/wp-json\/wp\/v2\/product_brand?post=1837"},{"taxonomy":"product_cat","embeddable":true,"href":"https:\/\/peptilife.me\/fr\/wp-json\/wp\/v2\/product_cat?post=1837"},{"taxonomy":"product_tag","embeddable":true,"href":"https:\/\/peptilife.me\/fr\/wp-json\/wp\/v2\/product_tag?post=1837"}],"curies":[{"name":"wp","href":"https:\/\/api.w.org\/{rel}","templated":true}]}}