{"id":1836,"date":"2025-10-03T02:31:46","date_gmt":"2025-10-03T02:31:46","guid":{"rendered":"https:\/\/peptilife.me\/?post_type=product&#038;p=1836"},"modified":"2025-10-03T02:43:15","modified_gmt":"2025-10-03T02:43:15","slug":"bpc-157-10-mg","status":"publish","type":"product","link":"https:\/\/peptilife.me\/fr\/producto\/bpc-157-10-mg\/","title":{"rendered":"BPC-157 | 10 mg"},"content":{"rendered":"<p>Le BPC-157 (Body Protection Compound-157) est un peptide synth\u00e9tique d\u00e9riv\u00e9 d'une prot\u00e9ine pr\u00e9sente dans les sucs gastriques, r\u00e9put\u00e9e pour ses propri\u00e9t\u00e9s curatives et protectrices. Il est reconnu pour sa capacit\u00e9 \u00e0 acc\u00e9l\u00e9rer la r\u00e9cup\u00e9ration d'un large \u00e9ventail de tissus, notamment les muscles, les tendons, les ligaments, les articulations et le tractus gastro-intestinal.<\/p>\n<p>Les principaux avantages du BPC-157 sont les suivants<br \/>\n- R\u00e9g\u00e9n\u00e9ration des tissus : Stimule l'angiogen\u00e8se (croissance de nouveaux vaisseaux sanguins) et la r\u00e9paration cellulaire.<br \/>\n- Protection de l'intestin : Am\u00e9liore la cicatrisation intestinale et prot\u00e8ge contre les l\u00e9sions du tube digestif.<br \/>\n- Action anti-inflammatoire : R\u00e9duit l'inflammation syst\u00e9mique, contribuant ainsi \u00e0 un r\u00e9tablissement plus rapide apr\u00e8s une blessure.<br \/>\n- Soutien des articulations et des ligaments : Favorise la cicatrisation des tissus conjonctifs et am\u00e9liore la mobilit\u00e9.<\/p>\n<p>Parce qu'il favorise \u00e0 la fois la r\u00e9paration des blessures localis\u00e9es et la r\u00e9cup\u00e9ration syst\u00e9mique globale, le BPC-157 est largement consid\u00e9r\u00e9 comme l'un des peptides les plus polyvalents de la m\u00e9decine r\u00e9g\u00e9n\u00e9rative. Il offre une voie naturelle pour r\u00e9tablir l'\u00e9quilibre, acc\u00e9l\u00e9rer la gu\u00e9rison et am\u00e9liorer la r\u00e9silience dans le cadre d'un mode de vie actif.<\/p>","protected":false},"excerpt":{"rendered":"<p>Le BPC-157 est un puissant peptide curatif qui favorise la r\u00e9g\u00e9n\u00e9ration des tissus, acc\u00e9l\u00e8re la gu\u00e9rison des blessures et contribue \u00e0 la sant\u00e9 de l'intestin et des articulations.<\/p>","protected":false},"featured_media":1857,"comment_status":"open","ping_status":"closed","template":"","meta":{"_acf_changed":false,"inline_featured_image":false},"product_brand":[],"product_cat":[52],"product_tag":[],"class_list":{"0":"post-1836","1":"product","2":"type-product","3":"status-publish","4":"has-post-thumbnail","6":"product_cat-fuerza-musculo-y-recuperacion","8":"first","9":"instock","10":"shipping-taxable","11":"purchasable","12":"product-type-simple"},"acf":[],"_links":{"self":[{"href":"https:\/\/peptilife.me\/fr\/wp-json\/wp\/v2\/product\/1836","targetHints":{"allow":["GET"]}}],"collection":[{"href":"https:\/\/peptilife.me\/fr\/wp-json\/wp\/v2\/product"}],"about":[{"href":"https:\/\/peptilife.me\/fr\/wp-json\/wp\/v2\/types\/product"}],"replies":[{"embeddable":true,"href":"https:\/\/peptilife.me\/fr\/wp-json\/wp\/v2\/comments?post=1836"}],"wp:featuredmedia":[{"embeddable":true,"href":"https:\/\/peptilife.me\/fr\/wp-json\/wp\/v2\/media\/1857"}],"wp:attachment":[{"href":"https:\/\/peptilife.me\/fr\/wp-json\/wp\/v2\/media?parent=1836"}],"wp:term":[{"taxonomy":"product_brand","embeddable":true,"href":"https:\/\/peptilife.me\/fr\/wp-json\/wp\/v2\/product_brand?post=1836"},{"taxonomy":"product_cat","embeddable":true,"href":"https:\/\/peptilife.me\/fr\/wp-json\/wp\/v2\/product_cat?post=1836"},{"taxonomy":"product_tag","embeddable":true,"href":"https:\/\/peptilife.me\/fr\/wp-json\/wp\/v2\/product_tag?post=1836"}],"curies":[{"name":"wp","href":"https:\/\/api.w.org\/{rel}","templated":true}]}}