{"id":1835,"date":"2025-10-03T02:31:45","date_gmt":"2025-10-03T02:31:45","guid":{"rendered":"https:\/\/peptilife.me\/?post_type=product&#038;p=1835"},"modified":"2025-10-03T02:32:21","modified_gmt":"2025-10-03T02:32:21","slug":"tb4-blend-bpc-157-5-mg-5-mg","status":"publish","type":"product","link":"https:\/\/peptilife.me\/fr\/producto\/tb4-blend-bpc-157-5-mg-5-mg\/","title":{"rendered":"TB4 Blend + BPC-157 | 5 mg + 5 mg"},"content":{"rendered":"<p>Le m\u00e9lange TB4 + BPC-157 est une formulation synergique de peptides con\u00e7ue pour maximiser la capacit\u00e9 du corps \u00e0 gu\u00e9rir, \u00e0 se r\u00e9g\u00e9n\u00e9rer et \u00e0 se r\u00e9tablir.<br \/>\n\t- Thymosine Beta-4 (TB4) : Connue pour sa capacit\u00e9 \u00e0 promouvoir l'angiogen\u00e8se (formation de nouveaux vaisseaux sanguins), la TB4 favorise la r\u00e9g\u00e9n\u00e9ration des tissus, am\u00e9liore la flexibilit\u00e9 et r\u00e9duit la formation de tissu cicatriciel. Elle joue un r\u00f4le essentiel dans la cicatrisation des plaies, la r\u00e9cup\u00e9ration musculaire et la protection cardiovasculaire.<br \/>\n\t- BPC-157 (Body Protection Compound-157) : D\u00e9riv\u00e9 des prot\u00e9ines gastriques, le BPC-157 est tr\u00e8s appr\u00e9ci\u00e9 pour ses propri\u00e9t\u00e9s protectrices de l'intestin, anti-inflammatoires et r\u00e9g\u00e9n\u00e9ratrices. Il acc\u00e9l\u00e8re la cicatrisation des tendons et des ligaments, prot\u00e8ge le tractus gastro-intestinal et r\u00e9duit l'inflammation syst\u00e9mique.<\/p>\n<p>Lorsqu'ils sont combin\u00e9s, ces peptides cr\u00e9ent une solution de r\u00e9cup\u00e9ration compl\u00e8te :<br \/>\n\t- Gu\u00e9rison plus rapide des blessures (muscles, tendons, ligaments et articulations).<br \/>\n\t- Protection des organes et des tissus contre le stress oxydatif.<br \/>\n\t- R\u00e9duction de l'inflammation chronique pour une meilleure mobilit\u00e9.<br \/>\n\t- Favorise la sant\u00e9 intestinale et l'\u00e9quilibre syst\u00e9mique.<\/p>\n<p>Ce m\u00e9lange est largement reconnu comme l'une des combinaisons de peptides curatives et r\u00e9g\u00e9n\u00e9ratrices les plus efficaces, ce qui le rend id\u00e9al pour les athl\u00e8tes, les personnes actives ou toute personne recherchant une r\u00e9cup\u00e9ration optimale et une sant\u00e9 tissulaire \u00e0 long terme.<\/p>","protected":false},"excerpt":{"rendered":"<p>TB4 Blend + BPC-157 associe deux puissants peptides cicatrisants qui acc\u00e9l\u00e8rent la r\u00e9paration des tissus, r\u00e9duisent l'inflammation et favorisent le r\u00e9tablissement apr\u00e8s une blessure.<\/p>","protected":false},"featured_media":1856,"comment_status":"open","ping_status":"closed","template":"","meta":{"_acf_changed":false,"inline_featured_image":false},"product_brand":[],"product_cat":[52],"product_tag":[],"class_list":{"0":"post-1835","1":"product","2":"type-product","3":"status-publish","4":"has-post-thumbnail","6":"product_cat-fuerza-musculo-y-recuperacion","8":"first","9":"instock","10":"shipping-taxable","11":"purchasable","12":"product-type-simple"},"acf":[],"_links":{"self":[{"href":"https:\/\/peptilife.me\/fr\/wp-json\/wp\/v2\/product\/1835","targetHints":{"allow":["GET"]}}],"collection":[{"href":"https:\/\/peptilife.me\/fr\/wp-json\/wp\/v2\/product"}],"about":[{"href":"https:\/\/peptilife.me\/fr\/wp-json\/wp\/v2\/types\/product"}],"replies":[{"embeddable":true,"href":"https:\/\/peptilife.me\/fr\/wp-json\/wp\/v2\/comments?post=1835"}],"wp:featuredmedia":[{"embeddable":true,"href":"https:\/\/peptilife.me\/fr\/wp-json\/wp\/v2\/media\/1856"}],"wp:attachment":[{"href":"https:\/\/peptilife.me\/fr\/wp-json\/wp\/v2\/media?parent=1835"}],"wp:term":[{"taxonomy":"product_brand","embeddable":true,"href":"https:\/\/peptilife.me\/fr\/wp-json\/wp\/v2\/product_brand?post=1835"},{"taxonomy":"product_cat","embeddable":true,"href":"https:\/\/peptilife.me\/fr\/wp-json\/wp\/v2\/product_cat?post=1835"},{"taxonomy":"product_tag","embeddable":true,"href":"https:\/\/peptilife.me\/fr\/wp-json\/wp\/v2\/product_tag?post=1835"}],"curies":[{"name":"wp","href":"https:\/\/api.w.org\/{rel}","templated":true}]}}