{"id":1834,"date":"2025-10-03T02:31:45","date_gmt":"2025-10-03T02:31:45","guid":{"rendered":"https:\/\/peptilife.me\/?post_type=product&#038;p=1834"},"modified":"2025-10-03T02:32:18","modified_gmt":"2025-10-03T02:32:18","slug":"cjc-1295-with-dac-5-mg-5-mg","status":"publish","type":"product","link":"https:\/\/peptilife.me\/fr\/producto\/cjc-1295-with-dac-5-mg-5-mg\/","title":{"rendered":"CJC-1295 avec DAC | 5 mg + 5 mg"},"content":{"rendered":"<p>Le CJC-1295 avec DAC (complexe d'affinit\u00e9 m\u00e9dicamenteuse) est un analogue synth\u00e9tique de l'hormone de lib\u00e9ration de la croissance (GHRH), con\u00e7u pour prolonger la demi-vie de la GHRH dans l'organisme. Gr\u00e2ce \u00e0 sa technologie DAC unique, le CJC-1295 assure une lib\u00e9ration prolong\u00e9e de l'hormone de croissance (GH), r\u00e9duisant ainsi la n\u00e9cessit\u00e9 de dosages fr\u00e9quents tout en amplifiant la s\u00e9cr\u00e9tion naturelle de GH par l'organisme.<\/p>\n<p>Les avantages du CJC-1295 avec DAC sont les suivants :<br \/>\n\t- Am\u00e9lioration du m\u00e9tabolisme des graisses : Favorise la d\u00e9gradation des graisses et am\u00e9liore la composition corporelle.<br \/>\n\t- Croissance des muscles maigres et r\u00e9cup\u00e9ration : Stimule la synth\u00e8se des prot\u00e9ines, favorisant le d\u00e9veloppement musculaire et une r\u00e9cup\u00e9ration plus rapide.<br \/>\n\t- R\u00e9paration cellulaire et anti-\u00e2ge : Favorise la r\u00e9g\u00e9n\u00e9ration des tissus, l'\u00e9lasticit\u00e9 de la peau et l'\u00e9quilibre \u00e9nerg\u00e9tique.<br \/>\n\t- Activit\u00e9 de longue dur\u00e9e : Gr\u00e2ce \u00e0 sa demi-vie prolong\u00e9e, il maintient des niveaux de GH stables pendant plusieurs jours.<\/p>\n<p>En optimisant les niveaux de GH et d'IGF-1, le CJC-1295 avec DAC offre un outil puissant pour la sant\u00e9 m\u00e9tabolique, l'am\u00e9lioration des performances et les th\u00e9rapies de gestion de l'\u00e2ge, ce qui en fait un choix privil\u00e9gi\u00e9 pour les personnes recherchant un soutien peptidique \u00e0 long terme.<\/p>","protected":false},"excerpt":{"rendered":"<p>Le CJC-1295 avec DAC est un peptide \u00e0 action prolong\u00e9e qui stimule la lib\u00e9ration de l'hormone de croissance naturelle, favorisant la perte de graisse, la croissance musculaire et les bienfaits anti-\u00e2ge.<\/p>","protected":false},"featured_media":1855,"comment_status":"open","ping_status":"closed","template":"","meta":{"_acf_changed":false,"inline_featured_image":false},"product_brand":[],"product_cat":[52],"product_tag":[],"class_list":{"0":"post-1834","1":"product","2":"type-product","3":"status-publish","4":"has-post-thumbnail","6":"product_cat-fuerza-musculo-y-recuperacion","8":"first","9":"instock","10":"shipping-taxable","11":"purchasable","12":"product-type-simple"},"acf":[],"_links":{"self":[{"href":"https:\/\/peptilife.me\/fr\/wp-json\/wp\/v2\/product\/1834","targetHints":{"allow":["GET"]}}],"collection":[{"href":"https:\/\/peptilife.me\/fr\/wp-json\/wp\/v2\/product"}],"about":[{"href":"https:\/\/peptilife.me\/fr\/wp-json\/wp\/v2\/types\/product"}],"replies":[{"embeddable":true,"href":"https:\/\/peptilife.me\/fr\/wp-json\/wp\/v2\/comments?post=1834"}],"wp:featuredmedia":[{"embeddable":true,"href":"https:\/\/peptilife.me\/fr\/wp-json\/wp\/v2\/media\/1855"}],"wp:attachment":[{"href":"https:\/\/peptilife.me\/fr\/wp-json\/wp\/v2\/media?parent=1834"}],"wp:term":[{"taxonomy":"product_brand","embeddable":true,"href":"https:\/\/peptilife.me\/fr\/wp-json\/wp\/v2\/product_brand?post=1834"},{"taxonomy":"product_cat","embeddable":true,"href":"https:\/\/peptilife.me\/fr\/wp-json\/wp\/v2\/product_cat?post=1834"},{"taxonomy":"product_tag","embeddable":true,"href":"https:\/\/peptilife.me\/fr\/wp-json\/wp\/v2\/product_tag?post=1834"}],"curies":[{"name":"wp","href":"https:\/\/api.w.org\/{rel}","templated":true}]}}