{"id":1833,"date":"2025-10-03T02:31:44","date_gmt":"2025-10-03T02:31:44","guid":{"rendered":"https:\/\/peptilife.me\/?post_type=product&#038;p=1833"},"modified":"2025-10-03T02:49:55","modified_gmt":"2025-10-03T02:49:55","slug":"hgh-human-growth-hormone-10-iu","status":"publish","type":"product","link":"https:\/\/peptilife.me\/fr\/producto\/hgh-human-growth-hormone-10-iu\/","title":{"rendered":"HGH (hormone de croissance humaine) | 10 UI"},"content":{"rendered":"<p>L'hormone de croissance humaine (HCH) est une hormone naturelle produite par l'hypophyse, responsable de la stimulation de la croissance, de la r\u00e9paration cellulaire et du m\u00e9tabolisme. En tant que peptide th\u00e9rapeutique, l'HGH soutient la capacit\u00e9 de l'organisme \u00e0 br\u00fbler les graisses, \u00e0 pr\u00e9server les muscles maigres et \u00e0 am\u00e9liorer la r\u00e9cup\u00e9ration.<\/p>\n<p>Son r\u00f4le va au-del\u00e0 des performances et de la composition corporelle : La HGH contribue \u00e0 l'\u00e9lasticit\u00e9 de la peau, \u00e0 la densit\u00e9 osseuse et au rajeunissement cellulaire global, ce qui en fait un \u00e9l\u00e9ment essentiel des protocoles d'optimisation de la lutte contre le vieillissement et du bien-\u00eatre.<\/p>\n<p>En augmentant les niveaux d'\u00e9nergie, en favorisant un sommeil r\u00e9parateur et en acc\u00e9l\u00e9rant la r\u00e9paration des tissus, la HGH offre une approche globale pour am\u00e9liorer \u00e0 la fois les performances physiques et la sant\u00e9 \u00e0 long terme. Que l'objectif soit d'am\u00e9liorer les capacit\u00e9s athl\u00e9tiques, de favoriser la r\u00e9cup\u00e9ration ou d'am\u00e9liorer la vitalit\u00e9, la HGH est l'un des peptides les plus importants de la m\u00e9decine m\u00e9tabolique et r\u00e9g\u00e9n\u00e9rative.<\/p>","protected":false},"excerpt":{"rendered":"<p>L'hormone de croissance humaine (HCH) est un peptide cl\u00e9 qui favorise le m\u00e9tabolisme des graisses, le d\u00e9veloppement des muscles maigres et la r\u00e9g\u00e9n\u00e9ration cellulaire globale pour am\u00e9liorer la sant\u00e9 et la vitalit\u00e9.<\/p>","protected":false},"featured_media":1854,"comment_status":"open","ping_status":"closed","template":"","meta":{"_acf_changed":false,"inline_featured_image":false},"product_brand":[],"product_cat":[52],"product_tag":[],"class_list":{"0":"post-1833","1":"product","2":"type-product","3":"status-publish","4":"has-post-thumbnail","6":"product_cat-fuerza-musculo-y-recuperacion","8":"first","9":"instock","10":"shipping-taxable","11":"purchasable","12":"product-type-simple"},"acf":[],"_links":{"self":[{"href":"https:\/\/peptilife.me\/fr\/wp-json\/wp\/v2\/product\/1833","targetHints":{"allow":["GET"]}}],"collection":[{"href":"https:\/\/peptilife.me\/fr\/wp-json\/wp\/v2\/product"}],"about":[{"href":"https:\/\/peptilife.me\/fr\/wp-json\/wp\/v2\/types\/product"}],"replies":[{"embeddable":true,"href":"https:\/\/peptilife.me\/fr\/wp-json\/wp\/v2\/comments?post=1833"}],"wp:featuredmedia":[{"embeddable":true,"href":"https:\/\/peptilife.me\/fr\/wp-json\/wp\/v2\/media\/1854"}],"wp:attachment":[{"href":"https:\/\/peptilife.me\/fr\/wp-json\/wp\/v2\/media?parent=1833"}],"wp:term":[{"taxonomy":"product_brand","embeddable":true,"href":"https:\/\/peptilife.me\/fr\/wp-json\/wp\/v2\/product_brand?post=1833"},{"taxonomy":"product_cat","embeddable":true,"href":"https:\/\/peptilife.me\/fr\/wp-json\/wp\/v2\/product_cat?post=1833"},{"taxonomy":"product_tag","embeddable":true,"href":"https:\/\/peptilife.me\/fr\/wp-json\/wp\/v2\/product_tag?post=1833"}],"curies":[{"name":"wp","href":"https:\/\/api.w.org\/{rel}","templated":true}]}}