{"id":1832,"date":"2025-10-03T02:31:43","date_gmt":"2025-10-03T02:31:43","guid":{"rendered":"https:\/\/peptilife.me\/?post_type=product&#038;p=1832"},"modified":"2025-10-03T02:48:38","modified_gmt":"2025-10-03T02:48:38","slug":"ipamorelin-10-mg","status":"publish","type":"product","link":"https:\/\/peptilife.me\/fr\/producto\/ipamorelin-10-mg\/","title":{"rendered":"Ipamorelin | 10 mg"},"content":{"rendered":"<p>L'ipamor\u00e9line est un s\u00e9cr\u00e9tagogue s\u00e9lectif de l'hormone de croissance (GHRP) qui agit en stimulant l'hypophyse pour qu'elle lib\u00e8re l'hormone de croissance (GH) sans affecter de mani\u00e8re significative les niveaux de cortisol ou de prolactine. Ce m\u00e9canisme cibl\u00e9 en fait l'un des peptides les plus s\u00fbrs et les plus pr\u00e9cis pour stimuler naturellement la GH.<\/p>\n<p>En augmentant la GH, l'ipamor\u00e9line apporte un large \u00e9ventail de bienfaits, notamment<br \/>\n- M\u00e9tabolisme des graisses : Am\u00e9liore la d\u00e9composition des graisses stock\u00e9es, contribuant ainsi \u00e0 l'am\u00e9lioration de la composition corporelle.<br \/>\n- Pr\u00e9servation et r\u00e9cup\u00e9ration des muscles maigres : Favorise la r\u00e9paration et la r\u00e9g\u00e9n\u00e9ration des muscles, acc\u00e9l\u00e9rant ainsi la r\u00e9cup\u00e9ration apr\u00e8s l'exercice.<br \/>\n- Sommeil et bien-\u00eatre : Favorise des cycles de sommeil plus profonds et plus r\u00e9parateurs, contribuant ainsi \u00e0 une meilleure r\u00e9cup\u00e9ration et \u00e0 une meilleure sant\u00e9 g\u00e9n\u00e9rale.<\/p>\n<p>Parce qu'elle stimule la lib\u00e9ration de GH d'une mani\u00e8re douce et contr\u00f4l\u00e9e, l'ipamor\u00e9line est souvent privil\u00e9gi\u00e9e pour une utilisation \u00e0 long terme dans l'optimisation du m\u00e9tabolisme, la lutte contre le vieillissement et les performances. Elle offre une approche \u00e9quilibr\u00e9e pour am\u00e9liorer la composition corporelle, l'\u00e9nergie et la r\u00e9cup\u00e9ration sans surstimuler d'autres hormones.<\/p>","protected":false},"excerpt":{"rendered":"<p>L'ipamor\u00e9line est un peptide s\u00e9lectif de lib\u00e9ration de l'hormone de croissance qui favorise la s\u00e9cr\u00e9tion naturelle de GH, contribuant ainsi \u00e0 la r\u00e9duction des graisses, \u00e0 la r\u00e9cup\u00e9ration musculaire et \u00e0 l'am\u00e9lioration de la qualit\u00e9 du sommeil.<\/p>","protected":false},"featured_media":1853,"comment_status":"open","ping_status":"closed","template":"","meta":{"_acf_changed":false,"inline_featured_image":false},"product_brand":[],"product_cat":[51],"product_tag":[],"class_list":{"0":"post-1832","1":"product","2":"type-product","3":"status-publish","4":"has-post-thumbnail","6":"product_cat-perdida-de-grasa-y-control-de-peso","8":"first","9":"instock","10":"shipping-taxable","11":"purchasable","12":"product-type-simple"},"acf":[],"_links":{"self":[{"href":"https:\/\/peptilife.me\/fr\/wp-json\/wp\/v2\/product\/1832","targetHints":{"allow":["GET"]}}],"collection":[{"href":"https:\/\/peptilife.me\/fr\/wp-json\/wp\/v2\/product"}],"about":[{"href":"https:\/\/peptilife.me\/fr\/wp-json\/wp\/v2\/types\/product"}],"replies":[{"embeddable":true,"href":"https:\/\/peptilife.me\/fr\/wp-json\/wp\/v2\/comments?post=1832"}],"wp:featuredmedia":[{"embeddable":true,"href":"https:\/\/peptilife.me\/fr\/wp-json\/wp\/v2\/media\/1853"}],"wp:attachment":[{"href":"https:\/\/peptilife.me\/fr\/wp-json\/wp\/v2\/media?parent=1832"}],"wp:term":[{"taxonomy":"product_brand","embeddable":true,"href":"https:\/\/peptilife.me\/fr\/wp-json\/wp\/v2\/product_brand?post=1832"},{"taxonomy":"product_cat","embeddable":true,"href":"https:\/\/peptilife.me\/fr\/wp-json\/wp\/v2\/product_cat?post=1832"},{"taxonomy":"product_tag","embeddable":true,"href":"https:\/\/peptilife.me\/fr\/wp-json\/wp\/v2\/product_tag?post=1832"}],"curies":[{"name":"wp","href":"https:\/\/api.w.org\/{rel}","templated":true}]}}