{"id":1830,"date":"2025-10-03T02:31:41","date_gmt":"2025-10-03T02:31:41","guid":{"rendered":"https:\/\/peptilife.me\/?post_type=product&#038;p=1830"},"modified":"2025-10-03T02:32:08","modified_gmt":"2025-10-03T02:32:08","slug":"tesamorelin-5-mg","status":"publish","type":"product","link":"https:\/\/peptilife.me\/fr\/producto\/tesamorelin-5-mg\/","title":{"rendered":"T\u00e9samor\u00e9line | 5 mg"},"content":{"rendered":"<p>La t\u00e9samor\u00e9line est un analogue synth\u00e9tique de l'hormone de lib\u00e9ration de l'hormone de croissance (GHRH), sp\u00e9cifiquement con\u00e7u pour stimuler l'hypophyse afin d'augmenter la s\u00e9cr\u00e9tion de l'hormone de croissance (GH). Cette \u00e9l\u00e9vation de la GH favorise des niveaux plus \u00e9lev\u00e9s de facteur de croissance analogue \u00e0 l'insuline 1 (IGF-1), qui joue un r\u00f4le cl\u00e9 dans la r\u00e9gulation du m\u00e9tabolisme, la r\u00e9duction de la graisse visc\u00e9rale et la pr\u00e9servation de la masse musculaire maigre.<\/p>\n<p>Principalement reconnue pour son efficacit\u00e9 dans la r\u00e9duction de la graisse abdominale et visc\u00e9rale - en particulier dans des conditions telles que la lipodystrophie chez les patients atteints du VIH - la t\u00e9samor\u00e9line est devenue une option th\u00e9rapeutique importante dans la gestion de la sant\u00e9 m\u00e9tabolique. Son m\u00e9canisme d'action ne vise pas seulement la perte de graisse, mais contribue \u00e9galement \u00e0 am\u00e9liorer l'\u00e9quilibre \u00e9nerg\u00e9tique, la composition corporelle et la fonction m\u00e9tabolique globale.<\/p>\n<p>En favorisant la d\u00e9gradation des graisses tout en soutenant le tissu musculaire, la t\u00e9samor\u00e9line se distingue comme un peptide scientifiquement prouv\u00e9 qui aide \u00e0 r\u00e9tablir un \u00e9quilibre plus sain entre le stockage des graisses et la masse corporelle maigre.<\/p>","protected":false},"excerpt":{"rendered":"<p>La t\u00e9samor\u00e9line est un peptide synth\u00e9tique qui stimule la production naturelle d'hormones de croissance, favorisant la r\u00e9duction des graisses et la pr\u00e9servation des muscles maigres.<\/p>","protected":false},"featured_media":1851,"comment_status":"open","ping_status":"closed","template":"","meta":{"_acf_changed":false,"inline_featured_image":false},"product_brand":[],"product_cat":[51],"product_tag":[],"class_list":{"0":"post-1830","1":"product","2":"type-product","3":"status-publish","4":"has-post-thumbnail","6":"product_cat-perdida-de-grasa-y-control-de-peso","8":"first","9":"instock","10":"shipping-taxable","11":"purchasable","12":"product-type-simple"},"acf":[],"_links":{"self":[{"href":"https:\/\/peptilife.me\/fr\/wp-json\/wp\/v2\/product\/1830","targetHints":{"allow":["GET"]}}],"collection":[{"href":"https:\/\/peptilife.me\/fr\/wp-json\/wp\/v2\/product"}],"about":[{"href":"https:\/\/peptilife.me\/fr\/wp-json\/wp\/v2\/types\/product"}],"replies":[{"embeddable":true,"href":"https:\/\/peptilife.me\/fr\/wp-json\/wp\/v2\/comments?post=1830"}],"wp:featuredmedia":[{"embeddable":true,"href":"https:\/\/peptilife.me\/fr\/wp-json\/wp\/v2\/media\/1851"}],"wp:attachment":[{"href":"https:\/\/peptilife.me\/fr\/wp-json\/wp\/v2\/media?parent=1830"}],"wp:term":[{"taxonomy":"product_brand","embeddable":true,"href":"https:\/\/peptilife.me\/fr\/wp-json\/wp\/v2\/product_brand?post=1830"},{"taxonomy":"product_cat","embeddable":true,"href":"https:\/\/peptilife.me\/fr\/wp-json\/wp\/v2\/product_cat?post=1830"},{"taxonomy":"product_tag","embeddable":true,"href":"https:\/\/peptilife.me\/fr\/wp-json\/wp\/v2\/product_tag?post=1830"}],"curies":[{"name":"wp","href":"https:\/\/api.w.org\/{rel}","templated":true}]}}