{"id":10,"date":"2025-09-14T21:30:30","date_gmt":"2025-09-14T21:30:30","guid":{"rendered":"https:\/\/peptilife.me\/?page_id=10"},"modified":"2025-09-14T21:37:58","modified_gmt":"2025-09-14T21:37:58","slug":"policy","status":"publish","type":"page","link":"https:\/\/peptilife.me\/fr\/policy\/","title":{"rendered":"Politique"},"content":{"rendered":"<div data-elementor-type=\"wp-page\" data-elementor-id=\"10\" class=\"elementor elementor-10\" data-elementor-post-type=\"page\">\n\t\t\t\t<div class=\"elementor-element elementor-element-4f06945 e-flex e-con-boxed e-con e-parent\" data-id=\"4f06945\" data-element_type=\"container\">\n\t\t\t\t\t<div class=\"e-con-inner\">\n\t\t<div class=\"elementor-element elementor-element-8842f9e e-con-full e-flex e-con e-child\" data-id=\"8842f9e\" data-element_type=\"container\">\n\t\t\t\t<div class=\"elementor-element elementor-element-3edfd3b elementor-view-default elementor-widget elementor-widget-icon\" data-id=\"3edfd3b\" data-element_type=\"widget\" data-widget_type=\"icon.default\">\n\t\t\t\t\t\t\t<div class=\"elementor-icon-wrapper\">\n\t\t\t<div class=\"elementor-icon\">\n\t\t\t<svg xmlns=\"http:\/\/www.w3.org\/2000\/svg\" viewbox=\"0 0 256 256\"><rect width=\"256\" height=\"256\" fill=\"none\"><\/rect><path d=\"M208,40H48A16,16,0,0,0,32,56v56c0,52.72,25.52,84.67,46.93,102.19,23.06,18.86,46,25.26,47,25.53a8,8,0,0,0,4.2,0c1-.27,23.91-6.67,47-25.53C198.48,196.67,224,164.72,224,112V56A16,16,0,0,0,208,40Zm-34.32,69.66-56,56a8,8,0,0,1-11.32,0l-24-24a8,8,0,0,1,11.32-11.32L112,148.69l50.34-50.35a8,8,0,0,1,11.32,11.32Z\"><\/path><\/svg>\t\t\t<\/div>\n\t\t<\/div>\n\t\t\t\t\t\t<\/div>\n\t\t\t\t<div class=\"elementor-element elementor-element-1c98ecf elementor-widget elementor-widget-heading\" data-id=\"1c98ecf\" data-element_type=\"widget\" data-widget_type=\"heading.default\">\n\t\t\t\t\t<h2 class=\"elementor-heading-title elementor-size-default\">Politique<\/h2>\t\t\t\t<\/div>\n\t\t\t\t<div class=\"elementor-element elementor-element-55d4a25 elementor-widget elementor-widget-heading\" data-id=\"55d4a25\" data-element_type=\"widget\" data-widget_type=\"heading.default\">\n\t\t\t\t\t<h2 class=\"elementor-heading-title elementor-size-default\">Conditions g\u00e9n\u00e9rales et clause de non-responsabilit\u00e9<\/h2>\t\t\t\t<\/div>\n\t\t<div class=\"elementor-element elementor-element-0ffb880 e-con-full e-flex e-con e-child\" data-id=\"0ffb880\" data-element_type=\"container\">\n\t\t\t\t<div class=\"elementor-element elementor-element-354d9b2 elementor-icon-list--layout-traditional elementor-list-item-link-full_width elementor-widget elementor-widget-icon-list\" data-id=\"354d9b2\" data-element_type=\"widget\" data-widget_type=\"icon-list.default\">\n\t\t\t\t\t\t\t<ul class=\"elementor-icon-list-items\">\n\t\t\t\t\t\t\t<li class=\"elementor-icon-list-item\">\n\t\t\t\t\t\t\t\t\t\t<span class=\"elementor-icon-list-text\">Date d'entr\u00e9e en vigueur : 14 septembre 2025<\/span>\n\t\t\t\t\t\t\t\t\t<\/li>\n\t\t\t\t\t\t\t\t<li class=\"elementor-icon-list-item\">\n\t\t\t\t\t\t\t\t\t\t<span class=\"elementor-icon-list-text\">Site web : https:\/\/peptilife.me<\/span>\n\t\t\t\t\t\t\t\t\t<\/li>\n\t\t\t\t\t\t\t\t<li class=\"elementor-icon-list-item\">\n\t\t\t\t\t\t\t\t\t\t<span class=\"elementor-icon-list-text\">Courriel de contact : hello@peptilife.me<\/span>\n\t\t\t\t\t\t\t\t\t<\/li>\n\t\t\t\t\t\t<\/ul>\n\t\t\t\t\t\t<\/div>\n\t\t\t\t<\/div>\n\t\t\t\t<\/div>\n\t\t<div class=\"elementor-element elementor-element-721338d e-con-full e-flex e-con e-child\" data-id=\"721338d\" data-element_type=\"container\">\n\t\t\t\t<div class=\"elementor-element elementor-element-771b267 elementor-widget elementor-widget-text-editor\" data-id=\"771b267\" data-element_type=\"widget\" data-widget_type=\"text-editor.default\">\n\t\t\t\t\t\t\t\t\t<p class=\"p1\">\u00a0<\/p>\n<h2><b>1. Introduction<\/b><\/h2>\n<p>\u00a0<\/p>\n<p class=\"p3\">Bienvenue \u00e0 <span class=\"s2\"><b>PeptiLife.me<\/b><\/span> (le \"site web\"), exploit\u00e9 par PeptiLife (\"nous\", \"notre\" ou \"nos\"). En acc\u00e9dant \u00e0 ce site web ou en l'utilisant, vous acceptez d'\u00eatre li\u00e9 par les conditions g\u00e9n\u00e9rales et la politique d'exon\u00e9ration de responsabilit\u00e9 suivantes (collectivement, la \"politique\"). Si vous n'acceptez pas ces conditions, vous devez imm\u00e9diatement cesser d'utiliser le site web et ses services.<\/p>\n<p class=\"p3\">La pr\u00e9sente politique vise \u00e0 se conformer aux r\u00e9glementations applicables de l'Union europ\u00e9enne, y compris mais sans s'y limiter :<\/p>\n<p class=\"p1\">\u00a0<\/p>\n<ul>\n<li>\n<p class=\"p1\"><span class=\"s1\"><b>Directive 2000\/31\/CE<\/b><\/span> sur le commerce \u00e9lectronique<\/p>\n<\/li>\n<li>\n<p class=\"p1\"><b>Directive 2011\/83\/UE<\/b><span class=\"s1\"> sur les droits des consommateurs<\/span><\/p>\n<\/li>\n<li>\n<p class=\"p1\"><b>R\u00e8glement (UE) 2016\/679 (GDPR)<\/b><span class=\"s1\"> concernant la protection des donn\u00e9es<\/span><\/p>\n<\/li>\n<\/ul>\n<h2><b>2. Informations g\u00e9n\u00e9rales<\/b><\/h2>\n<p>\u00a0<\/p>\n<p class=\"p4\"><span class=\"s3\">Les produits et les informations fournis sur ce site Internet sont destin\u00e9s \u00e0 <\/span><b>uniquement \u00e0 des fins de recherche, d'\u00e9ducation et de laboratoire<\/b><span class=\"s3\">. Ils sont <\/span><b>non destin\u00e9s \u00e0 la consommation humaine, au traitement m\u00e9dical, au diagnostic ou \u00e0 la pr\u00e9vention de maladies<\/b><span class=\"s3\"> sauf autorisation expresse de la loi applicable.<\/span><\/p>\n<p class=\"p3\">PeptiLife fait <span class=\"s2\"><b>ne pas commercialiser, promouvoir ou approuver ses produits \u00e0 des fins m\u00e9dicales, th\u00e9rapeutiques ou di\u00e9t\u00e9tiques<\/b><\/span>. Tous les acheteurs reconnaissent qu'ils sont l\u00e9galement autoris\u00e9s \u00e0 acheter ces produits dans leur juridiction.<\/p>\n<h2><b>3. Clause de non-responsabilit\u00e9<\/b><\/h2>\n<h3><b>3.1 Utilisation \u00e0 vos propres risques<\/b><\/h3>\n<p>\u00a0<\/p>\n<p class=\"p3\">Tous les produits vendus sur ce site Web sont fournis strictement \u00e0 titre gracieux. <span class=\"s2\"><b>\"Base \"en l'\u00e9tat<\/b><\/span>. En achetant ou en utilisant un produit, vous reconnaissez et acceptez ce qui suit :<\/p>\n<p class=\"p1\">\u00a0<\/p>\n<ul>\n<li>\n<p class=\"p1\">Vous supposez <span class=\"s1\"><b>pleine responsabilit\u00e9<\/b><\/span> pour toute utilisation, mauvaise utilisation, stockage, manipulation ou application des produits.<\/p>\n<\/li>\n<li>\n<p class=\"p1\">PeptiLife doit <span class=\"s1\"><b>ne pas \u00eatre tenu pour responsable<\/b><\/span> pour tout dommage direct, indirect, accessoire, cons\u00e9cutif ou punitif r\u00e9sultant de ou li\u00e9 \u00e0 l'utilisation incorrecte des produits.<\/p>\n<\/li>\n<\/ul>\n<p>\u00a0<\/p>\n<p class=\"p1\">\u00a0<\/p>\n<h3><b>3.2 Absence de conseil m\u00e9dical<\/b><\/h3>\n<p>\u00a0<\/p>\n<p class=\"p3\">Aucun \u00e9l\u00e9ment de ce site Web ne constitue un conseil m\u00e9dical, pharmaceutique ou professionnel. Vous devriez consulter un professionnel de la sant\u00e9 qualifi\u00e9 avant de prendre toute d\u00e9cision susceptible d'affecter votre sant\u00e9.<\/p>\n<p class=\"p1\">\u00a0<\/p>\n<h3><b>3.3 D\u00e9charge de responsabilit\u00e9<\/b><\/h3>\n<p>\u00a0<\/p>\n<p class=\"p3\">En utilisant ce site Web et en achetant des produits, vous acceptez explicitement de lib\u00e9rer, d'indemniser et de d\u00e9gager de toute responsabilit\u00e9 PeptiLife, ses propri\u00e9taires, ses employ\u00e9s, ses partenaires et ses soci\u00e9t\u00e9s affili\u00e9es en cas de r\u00e9clamations, de dommages, de responsabilit\u00e9s ou de d\u00e9penses d\u00e9coulant de ce qui suit :<\/p>\n<p class=\"p1\">\u00a0<\/p>\n<ul>\n<li>\n<p class=\"p1\">Mauvaise utilisation ou utilisation non autoris\u00e9e des produits,<\/p>\n<\/li>\n<li>\n<p class=\"p1\">Violation des lois locales, nationales ou internationales applicables,<\/p>\n<\/li>\n<li>\n<p class=\"p1\">Non-respect des consignes de s\u00e9curit\u00e9, des proc\u00e9dures de manipulation ou des exigences en mati\u00e8re de stockage.<\/p>\n<\/li>\n<\/ul>\n<p>\u00a0<\/p>\n<p class=\"p3\">Cette version fonctionne comme si vous aviez <span class=\"s2\"><b>a sign\u00e9 formellement une d\u00e9charge de responsabilit\u00e9<\/b><\/span>.<\/p>\n<p class=\"p1\">\u00a0<\/p>\n<h2><b>4. Conformit\u00e9 juridique<\/b><\/h2>\n<p>\u00a0<\/p>\n<p class=\"p3\">Il est de la responsabilit\u00e9 du client de s'assurer que l'achat, l'importation, la possession ou l'utilisation des produits de PeptiLife est conforme aux lois et r\u00e8glements de son pays de r\u00e9sidence. PeptiLife d\u00e9cline toute responsabilit\u00e9 pour les produits saisis, restreints ou interdits par les r\u00e9glementations locales.<\/p>\n<p class=\"p1\">\u00a0<\/p>\n<h2><b>5. Propri\u00e9t\u00e9 intellectuelle<\/b><\/h2>\n<p>\u00a0<\/p>\n<p class=\"p3\">Sauf indication contraire, l'ensemble du contenu, des marques, des logos et du mat\u00e9riel figurant sur ce site Web est la propri\u00e9t\u00e9 exclusive de PeptiLife. Toute reproduction, distribution ou modification non autoris\u00e9e est strictement interdite.<\/p>\n<p class=\"p1\">\u00a0<\/p>\n<h2><b>6. Limitation des garanties<\/b><\/h2>\n<p>\u00a0<\/p>\n<p class=\"p3\">Dans toute la mesure permise par la loi :<\/p>\n<p class=\"p1\">\u00a0<\/p>\n<ul>\n<li>\n<p class=\"p1\">Nous n'offrons aucune garantie quant \u00e0 l'exactitude, la fiabilit\u00e9 ou l'exhaustivit\u00e9 des descriptions de produits, des donn\u00e9es ou du contenu du site web.<\/p>\n<\/li>\n<li>\n<p class=\"p1\">Nous d\u00e9clinons toute garantie implicite, y compris la qualit\u00e9 marchande ou l'ad\u00e9quation \u00e0 un usage particulier.<\/p>\n<\/li>\n<\/ul>\n<p class=\"p1\">\u00a0<\/p>\n<h2><b>7. Indemnisation<\/b><\/h2>\n<p>\u00a0<\/p>\n<p class=\"p3\">Vous acceptez d'indemniser, de d\u00e9fendre et de d\u00e9gager PeptiLife de toute responsabilit\u00e9 en cas de r\u00e9clamation ou de demande, y compris les frais juridiques raisonnables, r\u00e9sultant de votre utilisation du site Web, de la violation de la pr\u00e9sente politique ou de la violation des lois applicables.<\/p>\n<p class=\"p1\">\u00a0<\/p>\n<h2><b>8. Droit applicable et juridiction<\/b><\/h2>\n<p>\u00a0<\/p>\n<p class=\"p3\">La pr\u00e9sente politique est r\u00e9gie et interpr\u00e9t\u00e9e en vertu des lois de l'Union europ\u00e9enne. <span class=\"s2\"><b>Union europ\u00e9enne<\/b><\/span> et, le cas \u00e9ch\u00e9ant, les lois de l'Union europ\u00e9enne. <span class=\"s2\"><b>Royaume d'Espagne<\/b><\/span>. Tout litige est soumis \u00e0 la <span class=\"s2\"><b>la juridiction exclusive des tribunaux comp\u00e9tents de Madrid, Espagne<\/b><\/span>.<\/p>\n<p class=\"p1\">\u00a0<\/p>\n<h2><b>9. Acceptation des conditions<\/b><\/h2>\n<p>\u00a0<\/p>\n<p class=\"p3\">En utilisant le site web, vous reconnaissez avoir lu, compris et accept\u00e9 la pr\u00e9sente politique. En continuant \u00e0 utiliser le site web, vous acceptez ces conditions et vous vous engagez \u00e0 les respecter. <span class=\"s2\"><b>\u00e9quivalent de la signature num\u00e9rique contraignante<\/b><\/span> \u00e0 la signature d'un contrat \u00e9crit.<\/p>\n<p class=\"p1\">\u00a0<\/p>\n<h2><b>10. Contact<\/b><\/h2>\n<p>\u00a0<\/p>\n<p class=\"p3\">Si vous avez des questions concernant la pr\u00e9sente politique, veuillez nous contacter \u00e0 l'adresse suivante<\/p>\n<p class=\"p4\"><span class=\"s3\">\ud83d\udce7 <\/span><b>hello@peptilife.me<\/b><\/p>\t\t\t\t\t\t\t\t<\/div>\n\t\t\t\t<\/div>\n\t\t\t\t\t<\/div>\n\t\t\t\t<\/div>\n\t\t\t\t<\/div>","protected":false},"excerpt":{"rendered":"<p>Policy Terms &#038; Conditions and Disclaimer Policy Effective Date: September 14, 2025 Website: https:\/\/peptilife.me Contact Email: hello@peptilife.me \u00a0 1. Introduction \u00a0 Welcome to PeptiLife.me (the \u201cWebsite\u201d), operated by PeptiLife (\u201cwe,\u201d \u201cour,\u201d or \u201cus\u201d). By accessing or using this Website, you agree to be bound by the following Terms &amp; Conditions and Disclaimer Policy (collectively, the [&hellip;]<\/p>","protected":false},"author":1,"featured_media":0,"parent":0,"menu_order":0,"comment_status":"closed","ping_status":"closed","template":"","meta":{"_acf_changed":false,"inline_featured_image":false,"footnotes":""},"class_list":["post-10","page","type-page","status-publish","hentry"],"acf":[],"_links":{"self":[{"href":"https:\/\/peptilife.me\/fr\/wp-json\/wp\/v2\/pages\/10","targetHints":{"allow":["GET"]}}],"collection":[{"href":"https:\/\/peptilife.me\/fr\/wp-json\/wp\/v2\/pages"}],"about":[{"href":"https:\/\/peptilife.me\/fr\/wp-json\/wp\/v2\/types\/page"}],"author":[{"embeddable":true,"href":"https:\/\/peptilife.me\/fr\/wp-json\/wp\/v2\/users\/1"}],"replies":[{"embeddable":true,"href":"https:\/\/peptilife.me\/fr\/wp-json\/wp\/v2\/comments?post=10"}],"version-history":[{"count":4,"href":"https:\/\/peptilife.me\/fr\/wp-json\/wp\/v2\/pages\/10\/revisions"}],"predecessor-version":[{"id":1540,"href":"https:\/\/peptilife.me\/fr\/wp-json\/wp\/v2\/pages\/10\/revisions\/1540"}],"wp:attachment":[{"href":"https:\/\/peptilife.me\/fr\/wp-json\/wp\/v2\/media?parent=10"}],"curies":[{"name":"wp","href":"https:\/\/api.w.org\/{rel}","templated":true}]}}