{"id":1838,"date":"2025-10-03T02:31:47","date_gmt":"2025-10-03T02:31:47","guid":{"rendered":"https:\/\/peptilife.me\/?post_type=product&#038;p=1838"},"modified":"2025-10-03T02:42:34","modified_gmt":"2025-10-03T02:42:34","slug":"ghk-cu-100-mg","status":"publish","type":"product","link":"https:\/\/peptilife.me\/es\/producto\/ghk-cu-100-mg\/","title":{"rendered":"GHK-Cu | 100 mg"},"content":{"rendered":"<p>GHK-Cu es un complejo de p\u00e9ptidos de cobre que se encuentra de forma natural en el cuerpo humano y que goza de un amplio reconocimiento por sus propiedades regeneradoras y rejuvenecedoras de la piel. Act\u00faa estimulando la producci\u00f3n de col\u00e1geno y glucosaminoglicanos, favoreciendo la cicatrizaci\u00f3n de heridas y restaurando la elasticidad de la piel.<\/p>\n<p>Los estudios cient\u00edficos destacan su papel en:<br \/>\n- Regeneraci\u00f3n cut\u00e1nea: Mejora la firmeza, la elasticidad y reduce las l\u00edneas de expresi\u00f3n.<br \/>\n- Ayuda al crecimiento del cabello: Estimula los fol\u00edculos y ayuda a fortalecer el cabello desde la ra\u00edz.<br \/>\n- Acci\u00f3n antiinflamatoria: Favorece la cicatrizaci\u00f3n de los tejidos y reduce el estr\u00e9s oxidativo.<br \/>\n- Reparaci\u00f3n de tejidos: Ayuda a la cicatrizaci\u00f3n de heridas y a la reducci\u00f3n de cicatrices al potenciar la formaci\u00f3n de vasos sangu\u00edneos.<\/p>\n<p>Debido a sus beneficios combinados para la regeneraci\u00f3n de la piel, el cabello y los tejidos, el GHK-Cu es uno de los p\u00e9ptidos bioactivos m\u00e1s potentes para el antienvejecimiento y el bienestar est\u00e9tico, por lo que es muy solicitado en los protocolos de rejuvenecimiento.<\/p>","protected":false},"excerpt":{"rendered":"<p>GHK-Cu es un p\u00e9ptido de cobre que favorece la producci\u00f3n de col\u00e1geno, el rejuvenecimiento de la piel y la reparaci\u00f3n de los tejidos, al tiempo que reduce los signos del envejecimiento.<\/p>","protected":false},"featured_media":1859,"comment_status":"open","ping_status":"closed","template":"","meta":{"_acf_changed":false,"inline_featured_image":false},"product_brand":[],"product_cat":[53],"product_tag":[],"class_list":{"0":"post-1838","1":"product","2":"type-product","3":"status-publish","4":"has-post-thumbnail","6":"product_cat-rejuvenecimiento-y-belleza","8":"first","9":"instock","10":"shipping-taxable","11":"purchasable","12":"product-type-simple"},"acf":[],"_links":{"self":[{"href":"https:\/\/peptilife.me\/es\/wp-json\/wp\/v2\/product\/1838","targetHints":{"allow":["GET"]}}],"collection":[{"href":"https:\/\/peptilife.me\/es\/wp-json\/wp\/v2\/product"}],"about":[{"href":"https:\/\/peptilife.me\/es\/wp-json\/wp\/v2\/types\/product"}],"replies":[{"embeddable":true,"href":"https:\/\/peptilife.me\/es\/wp-json\/wp\/v2\/comments?post=1838"}],"wp:featuredmedia":[{"embeddable":true,"href":"https:\/\/peptilife.me\/es\/wp-json\/wp\/v2\/media\/1859"}],"wp:attachment":[{"href":"https:\/\/peptilife.me\/es\/wp-json\/wp\/v2\/media?parent=1838"}],"wp:term":[{"taxonomy":"product_brand","embeddable":true,"href":"https:\/\/peptilife.me\/es\/wp-json\/wp\/v2\/product_brand?post=1838"},{"taxonomy":"product_cat","embeddable":true,"href":"https:\/\/peptilife.me\/es\/wp-json\/wp\/v2\/product_cat?post=1838"},{"taxonomy":"product_tag","embeddable":true,"href":"https:\/\/peptilife.me\/es\/wp-json\/wp\/v2\/product_tag?post=1838"}],"curies":[{"name":"wp","href":"https:\/\/api.w.org\/{rel}","templated":true}]}}