{"id":1837,"date":"2025-10-03T02:31:47","date_gmt":"2025-10-03T02:31:47","guid":{"rendered":"https:\/\/peptilife.me\/?post_type=product&#038;p=1837"},"modified":"2025-10-03T02:41:36","modified_gmt":"2025-10-03T02:41:36","slug":"tb-500-thymosin-beta-10-mg","status":"publish","type":"product","link":"https:\/\/peptilife.me\/es\/producto\/tb-500-thymosin-beta-10-mg\/","title":{"rendered":"TB-500 (Timosina Beta) | 10 mg"},"content":{"rendered":"<p>TB-500 (timosina beta) es una versi\u00f3n sint\u00e9tica de un p\u00e9ptido natural presente en casi todas las c\u00e9lulas humanas y animales, reconocido por sus potentes propiedades regenerativas y curativas. Desempe\u00f1a un papel fundamental en la reparaci\u00f3n de los tejidos al regular la actina, una prote\u00edna esencial para la estructura y el movimiento de las c\u00e9lulas.<\/p>\n<p>TB-500 es muy valorado por su capacidad para:<br \/>\n- Acelera la cicatrizaci\u00f3n de heridas y lesiones: Favorece la recuperaci\u00f3n de m\u00fasculos, tendones, ligamentos y articulaciones.<br \/>\n- Promueve la angiog\u00e9nesis: Estimula la formaci\u00f3n de nuevos vasos sangu\u00edneos, mejorando la circulaci\u00f3n y el aporte de nutrientes a los tejidos da\u00f1ados.<br \/>\n- Reduce la inflamaci\u00f3n: Ayuda a bajar la inflamaci\u00f3n cr\u00f3nica, mejorando la movilidad y la flexibilidad.<br \/>\n- Mejora el rendimiento y la recuperaci\u00f3n: Facilita una curaci\u00f3n m\u00e1s r\u00e1pida tras una actividad f\u00edsica intensa o lesiones.<\/p>\n<p>Al favorecer la r\u00e1pida regeneraci\u00f3n de los tejidos y reducir el tiempo de inactividad, TB-500 se ha convertido en uno de los p\u00e9ptidos m\u00e1s eficaces para atletas, personas activas y quienes buscan mejorar la recuperaci\u00f3n y la capacidad de recuperaci\u00f3n. Su capacidad de curaci\u00f3n sist\u00e9mica lo convierte en la piedra angular de los protocolos regenerativos y de mejora del rendimiento.<\/p>","protected":false},"excerpt":{"rendered":"<p>TB-500 es un p\u00e9ptido regenerativo que acelera la cicatrizaci\u00f3n, reduce la inflamaci\u00f3n y favorece la reparaci\u00f3n de los tejidos para acelerar la recuperaci\u00f3n y mejorar el rendimiento.<\/p>","protected":false},"featured_media":1858,"comment_status":"open","ping_status":"closed","template":"","meta":{"_acf_changed":false,"inline_featured_image":false},"product_brand":[],"product_cat":[52],"product_tag":[],"class_list":{"0":"post-1837","1":"product","2":"type-product","3":"status-publish","4":"has-post-thumbnail","6":"product_cat-fuerza-musculo-y-recuperacion","8":"first","9":"instock","10":"shipping-taxable","11":"purchasable","12":"product-type-simple"},"acf":[],"_links":{"self":[{"href":"https:\/\/peptilife.me\/es\/wp-json\/wp\/v2\/product\/1837","targetHints":{"allow":["GET"]}}],"collection":[{"href":"https:\/\/peptilife.me\/es\/wp-json\/wp\/v2\/product"}],"about":[{"href":"https:\/\/peptilife.me\/es\/wp-json\/wp\/v2\/types\/product"}],"replies":[{"embeddable":true,"href":"https:\/\/peptilife.me\/es\/wp-json\/wp\/v2\/comments?post=1837"}],"wp:featuredmedia":[{"embeddable":true,"href":"https:\/\/peptilife.me\/es\/wp-json\/wp\/v2\/media\/1858"}],"wp:attachment":[{"href":"https:\/\/peptilife.me\/es\/wp-json\/wp\/v2\/media?parent=1837"}],"wp:term":[{"taxonomy":"product_brand","embeddable":true,"href":"https:\/\/peptilife.me\/es\/wp-json\/wp\/v2\/product_brand?post=1837"},{"taxonomy":"product_cat","embeddable":true,"href":"https:\/\/peptilife.me\/es\/wp-json\/wp\/v2\/product_cat?post=1837"},{"taxonomy":"product_tag","embeddable":true,"href":"https:\/\/peptilife.me\/es\/wp-json\/wp\/v2\/product_tag?post=1837"}],"curies":[{"name":"wp","href":"https:\/\/api.w.org\/{rel}","templated":true}]}}