{"id":1836,"date":"2025-10-03T02:31:46","date_gmt":"2025-10-03T02:31:46","guid":{"rendered":"https:\/\/peptilife.me\/?post_type=product&#038;p=1836"},"modified":"2025-10-03T02:43:15","modified_gmt":"2025-10-03T02:43:15","slug":"bpc-157-10-mg","status":"publish","type":"product","link":"https:\/\/peptilife.me\/es\/producto\/bpc-157-10-mg\/","title":{"rendered":"BPC-157 | 10 mg"},"content":{"rendered":"<p>BPC-157 (Body Protection Compound-157) es un p\u00e9ptido sint\u00e9tico derivado de una prote\u00edna presente en los jugos g\u00e1stricos, famosa por sus propiedades curativas y protectoras. Se ha ganado el reconocimiento por su capacidad para acelerar la recuperaci\u00f3n en una amplia gama de tejidos, incluidos m\u00fasculos, tendones, ligamentos, articulaciones y el tracto gastrointestinal.<\/p>\n<p>Entre las principales ventajas de BPC-157 se incluyen:<br \/>\n- Regeneraci\u00f3n tisular: Estimula la angiog\u00e9nesis (crecimiento de nuevos vasos sangu\u00edneos) y la reparaci\u00f3n celular.<br \/>\n- Protecci\u00f3n intestinal: Favorece la cicatrizaci\u00f3n intestinal y protege contra da\u00f1os en el tracto digestivo.<br \/>\n- Acci\u00f3n antiinflamatoria: Reduce la inflamaci\u00f3n sist\u00e9mica, ayudando a una recuperaci\u00f3n m\u00e1s r\u00e1pida de las lesiones.<br \/>\n- Apoyo de articulaciones y ligamentos: Favorece la cicatrizaci\u00f3n de los tejidos conjuntivos y mejora la movilidad.<\/p>\n<p>Dado que favorece tanto la reparaci\u00f3n localizada de las lesiones como la recuperaci\u00f3n sist\u00e9mica general, el BPC-157 est\u00e1 ampliamente considerado como uno de los p\u00e9ptidos m\u00e1s vers\u00e1tiles de la medicina regenerativa. Ofrece una v\u00eda natural para restablecer el equilibrio, acelerar la curaci\u00f3n y mejorar la resistencia en estilos de vida activos.<\/p>","protected":false},"excerpt":{"rendered":"<p>BPC-157 es un potente p\u00e9ptido cicatrizante que favorece la regeneraci\u00f3n de los tejidos, acelera la recuperaci\u00f3n de las lesiones y favorece la salud intestinal y articular.<\/p>","protected":false},"featured_media":1857,"comment_status":"open","ping_status":"closed","template":"","meta":{"_acf_changed":false,"inline_featured_image":false},"product_brand":[],"product_cat":[52],"product_tag":[],"class_list":{"0":"post-1836","1":"product","2":"type-product","3":"status-publish","4":"has-post-thumbnail","6":"product_cat-fuerza-musculo-y-recuperacion","8":"first","9":"instock","10":"shipping-taxable","11":"purchasable","12":"product-type-simple"},"acf":[],"_links":{"self":[{"href":"https:\/\/peptilife.me\/es\/wp-json\/wp\/v2\/product\/1836","targetHints":{"allow":["GET"]}}],"collection":[{"href":"https:\/\/peptilife.me\/es\/wp-json\/wp\/v2\/product"}],"about":[{"href":"https:\/\/peptilife.me\/es\/wp-json\/wp\/v2\/types\/product"}],"replies":[{"embeddable":true,"href":"https:\/\/peptilife.me\/es\/wp-json\/wp\/v2\/comments?post=1836"}],"wp:featuredmedia":[{"embeddable":true,"href":"https:\/\/peptilife.me\/es\/wp-json\/wp\/v2\/media\/1857"}],"wp:attachment":[{"href":"https:\/\/peptilife.me\/es\/wp-json\/wp\/v2\/media?parent=1836"}],"wp:term":[{"taxonomy":"product_brand","embeddable":true,"href":"https:\/\/peptilife.me\/es\/wp-json\/wp\/v2\/product_brand?post=1836"},{"taxonomy":"product_cat","embeddable":true,"href":"https:\/\/peptilife.me\/es\/wp-json\/wp\/v2\/product_cat?post=1836"},{"taxonomy":"product_tag","embeddable":true,"href":"https:\/\/peptilife.me\/es\/wp-json\/wp\/v2\/product_tag?post=1836"}],"curies":[{"name":"wp","href":"https:\/\/api.w.org\/{rel}","templated":true}]}}