{"id":1835,"date":"2025-10-03T02:31:45","date_gmt":"2025-10-03T02:31:45","guid":{"rendered":"https:\/\/peptilife.me\/?post_type=product&#038;p=1835"},"modified":"2025-10-03T02:32:21","modified_gmt":"2025-10-03T02:32:21","slug":"tb4-blend-bpc-157-5-mg-5-mg","status":"publish","type":"product","link":"https:\/\/peptilife.me\/es\/producto\/tb4-blend-bpc-157-5-mg-5-mg\/","title":{"rendered":"Mezcla TB4 + BPC-157 | 5 mg + 5 mg"},"content":{"rendered":"<p>La Mezcla TB4 + BPC-157 es una formulaci\u00f3n sin\u00e9rgica de p\u00e9ptidos dise\u00f1ada para maximizar la capacidad del cuerpo para curarse, regenerarse y recuperarse.<br \/>\n\t- Timosina Beta-4 (TB4): Conocida por su capacidad para promover la angiog\u00e9nesis (formaci\u00f3n de nuevos vasos sangu\u00edneos), la TB4 favorece la regeneraci\u00f3n de los tejidos, mejora la flexibilidad y reduce la formaci\u00f3n de tejido cicatricial. Desempe\u00f1a un papel vital en la cicatrizaci\u00f3n de heridas, la recuperaci\u00f3n muscular y la protecci\u00f3n cardiovascular.<br \/>\n\t- BPC-157 (Compuesto de Protecci\u00f3n Corporal-157): Derivado de prote\u00ednas g\u00e1stricas, el BPC-157 es muy apreciado por sus propiedades protectoras intestinales, antiinflamatorias y regeneradoras. Acelera la cicatrizaci\u00f3n de tendones y ligamentos, protege el tracto gastrointestinal y reduce la inflamaci\u00f3n sist\u00e9mica.<\/p>\n<p>Cuando se combinan, estos p\u00e9ptidos crean una soluci\u00f3n de recuperaci\u00f3n integral:<br \/>\n\t- Cicatrizaci\u00f3n m\u00e1s r\u00e1pida de las lesiones (musculares, tendinosas, ligamentosas y articulares).<br \/>\n\t- Protecci\u00f3n de \u00f3rganos y tejidos frente al estr\u00e9s oxidativo.<br \/>\n\t- Reducci\u00f3n de la inflamaci\u00f3n cr\u00f3nica para mejorar la movilidad.<br \/>\n\t- Ayuda a la salud intestinal y al equilibrio sist\u00e9mico.<\/p>\n<p>Esta mezcla es ampliamente reconocida como una de las combinaciones de p\u00e9ptidos curativos y regenerativos m\u00e1s eficaces, por lo que es ideal para atletas, personas activas o cualquier persona que busque una recuperaci\u00f3n \u00f3ptima y la salud de los tejidos a largo plazo.<\/p>","protected":false},"excerpt":{"rendered":"<p>TB4 Blend + BPC-157 combina dos potentes p\u00e9ptidos cicatrizantes que aceleran la reparaci\u00f3n de los tejidos, reducen la inflamaci\u00f3n y favorecen la recuperaci\u00f3n de las lesiones.<\/p>","protected":false},"featured_media":1856,"comment_status":"open","ping_status":"closed","template":"","meta":{"_acf_changed":false,"inline_featured_image":false},"product_brand":[],"product_cat":[52],"product_tag":[],"class_list":{"0":"post-1835","1":"product","2":"type-product","3":"status-publish","4":"has-post-thumbnail","6":"product_cat-fuerza-musculo-y-recuperacion","8":"first","9":"instock","10":"shipping-taxable","11":"purchasable","12":"product-type-simple"},"acf":[],"_links":{"self":[{"href":"https:\/\/peptilife.me\/es\/wp-json\/wp\/v2\/product\/1835","targetHints":{"allow":["GET"]}}],"collection":[{"href":"https:\/\/peptilife.me\/es\/wp-json\/wp\/v2\/product"}],"about":[{"href":"https:\/\/peptilife.me\/es\/wp-json\/wp\/v2\/types\/product"}],"replies":[{"embeddable":true,"href":"https:\/\/peptilife.me\/es\/wp-json\/wp\/v2\/comments?post=1835"}],"wp:featuredmedia":[{"embeddable":true,"href":"https:\/\/peptilife.me\/es\/wp-json\/wp\/v2\/media\/1856"}],"wp:attachment":[{"href":"https:\/\/peptilife.me\/es\/wp-json\/wp\/v2\/media?parent=1835"}],"wp:term":[{"taxonomy":"product_brand","embeddable":true,"href":"https:\/\/peptilife.me\/es\/wp-json\/wp\/v2\/product_brand?post=1835"},{"taxonomy":"product_cat","embeddable":true,"href":"https:\/\/peptilife.me\/es\/wp-json\/wp\/v2\/product_cat?post=1835"},{"taxonomy":"product_tag","embeddable":true,"href":"https:\/\/peptilife.me\/es\/wp-json\/wp\/v2\/product_tag?post=1835"}],"curies":[{"name":"wp","href":"https:\/\/api.w.org\/{rel}","templated":true}]}}