{"id":1834,"date":"2025-10-03T02:31:45","date_gmt":"2025-10-03T02:31:45","guid":{"rendered":"https:\/\/peptilife.me\/?post_type=product&#038;p=1834"},"modified":"2025-10-03T02:32:18","modified_gmt":"2025-10-03T02:32:18","slug":"cjc-1295-with-dac-5-mg-5-mg","status":"publish","type":"product","link":"https:\/\/peptilife.me\/es\/producto\/cjc-1295-with-dac-5-mg-5-mg\/","title":{"rendered":"CJC-1295 con DAC | 5 mg + 5 mg"},"content":{"rendered":"<p>CJC-1295 con DAC (Complejo de Afinidad al F\u00e1rmaco) es un an\u00e1logo sint\u00e9tico de la hormona liberadora de la hormona del crecimiento (GHRH), dise\u00f1ado para prolongar la semivida de la GHRH en el organismo. Con su exclusiva tecnolog\u00eda DAC, CJC-1295 proporciona una liberaci\u00f3n sostenida de la hormona del crecimiento (GH) a lo largo del tiempo, reduciendo la necesidad de dosis frecuentes y amplificando al mismo tiempo la secreci\u00f3n natural de GH del organismo.<\/p>\n<p>Entre las ventajas de CJC-1295 con DAC se incluyen:<br \/>\n\t- Mejora el metabolismo de las grasas: Favorece la descomposici\u00f3n de las grasas y mejora la composici\u00f3n corporal.<br \/>\n\t- Crecimiento muscular magro y recuperaci\u00f3n: Estimula la s\u00edntesis de prote\u00ednas, ayudando al desarrollo muscular y a una recuperaci\u00f3n m\u00e1s r\u00e1pida.<br \/>\n\t- Reparaci\u00f3n celular y antienvejecimiento: Favorece la regeneraci\u00f3n de los tejidos, la elasticidad de la piel y el equilibrio energ\u00e9tico.<br \/>\n\t- Actividad duradera: Gracias a su prolongada vida media, mantiene estables los niveles de GH durante d\u00edas.<\/p>\n<p>Al optimizar los niveles de GH e IGF-1, CJC-1295 con DAC ofrece una poderosa herramienta para la salud metab\u00f3lica, la mejora del rendimiento y las terapias de control de la edad, por lo que es una opci\u00f3n preferida para las personas que buscan apoyo p\u00e9ptido a largo plazo.<\/p>","protected":false},"excerpt":{"rendered":"<p>CJC-1295 con DAC es un p\u00e9ptido de acci\u00f3n prolongada que estimula la liberaci\u00f3n natural de la hormona del crecimiento, favoreciendo la p\u00e9rdida de grasa, el crecimiento muscular y los beneficios antienvejecimiento.<\/p>","protected":false},"featured_media":1855,"comment_status":"open","ping_status":"closed","template":"","meta":{"_acf_changed":false,"inline_featured_image":false},"product_brand":[],"product_cat":[52],"product_tag":[],"class_list":{"0":"post-1834","1":"product","2":"type-product","3":"status-publish","4":"has-post-thumbnail","6":"product_cat-fuerza-musculo-y-recuperacion","8":"first","9":"instock","10":"shipping-taxable","11":"purchasable","12":"product-type-simple"},"acf":[],"_links":{"self":[{"href":"https:\/\/peptilife.me\/es\/wp-json\/wp\/v2\/product\/1834","targetHints":{"allow":["GET"]}}],"collection":[{"href":"https:\/\/peptilife.me\/es\/wp-json\/wp\/v2\/product"}],"about":[{"href":"https:\/\/peptilife.me\/es\/wp-json\/wp\/v2\/types\/product"}],"replies":[{"embeddable":true,"href":"https:\/\/peptilife.me\/es\/wp-json\/wp\/v2\/comments?post=1834"}],"wp:featuredmedia":[{"embeddable":true,"href":"https:\/\/peptilife.me\/es\/wp-json\/wp\/v2\/media\/1855"}],"wp:attachment":[{"href":"https:\/\/peptilife.me\/es\/wp-json\/wp\/v2\/media?parent=1834"}],"wp:term":[{"taxonomy":"product_brand","embeddable":true,"href":"https:\/\/peptilife.me\/es\/wp-json\/wp\/v2\/product_brand?post=1834"},{"taxonomy":"product_cat","embeddable":true,"href":"https:\/\/peptilife.me\/es\/wp-json\/wp\/v2\/product_cat?post=1834"},{"taxonomy":"product_tag","embeddable":true,"href":"https:\/\/peptilife.me\/es\/wp-json\/wp\/v2\/product_tag?post=1834"}],"curies":[{"name":"wp","href":"https:\/\/api.w.org\/{rel}","templated":true}]}}