{"id":1833,"date":"2025-10-03T02:31:44","date_gmt":"2025-10-03T02:31:44","guid":{"rendered":"https:\/\/peptilife.me\/?post_type=product&#038;p=1833"},"modified":"2025-10-03T02:49:55","modified_gmt":"2025-10-03T02:49:55","slug":"hgh-human-growth-hormone-10-iu","status":"publish","type":"product","link":"https:\/\/peptilife.me\/es\/producto\/hgh-human-growth-hormone-10-iu\/","title":{"rendered":"HGH (Hormona del Crecimiento Humano) | 10 UI"},"content":{"rendered":"<p>La hormona del crecimiento humano (HGH) es una hormona natural producida por la gl\u00e1ndula pituitaria, responsable de estimular el crecimiento, la reparaci\u00f3n celular y el metabolismo. Como un p\u00e9ptido terap\u00e9utico, HGH apoya la capacidad del cuerpo para quemar grasa, preservar el m\u00fasculo magro, y mejorar la recuperaci\u00f3n.<\/p>\n<p>Su funci\u00f3n va m\u00e1s all\u00e1 del rendimiento y la composici\u00f3n corporal: La HGH contribuye a la elasticidad de la piel, la densidad \u00f3sea y el rejuvenecimiento celular general, por lo que es un componente vital en los protocolos antienvejecimiento y de optimizaci\u00f3n del bienestar.<\/p>\n<p>Al aumentar los niveles de energ\u00eda, promover el sue\u00f1o reparador y acelerar la reparaci\u00f3n de los tejidos, la HGH proporciona un enfoque integral para mejorar tanto el rendimiento f\u00edsico como la salud a largo plazo. Tanto si el objetivo es aumentar la capacidad atl\u00e9tica, favorecer la recuperaci\u00f3n o mejorar la vitalidad, la HGH se erige como uno de los p\u00e9ptidos de mayor impacto en la medicina metab\u00f3lica y regenerativa.<\/p>","protected":false},"excerpt":{"rendered":"<p>La hormona del crecimiento humano (HGH) es un p\u00e9ptido clave que favorece el metabolismo de las grasas, el desarrollo muscular magro y la regeneraci\u00f3n celular general para mejorar la salud y la vitalidad.<\/p>","protected":false},"featured_media":1854,"comment_status":"open","ping_status":"closed","template":"","meta":{"_acf_changed":false,"inline_featured_image":false},"product_brand":[],"product_cat":[52],"product_tag":[],"class_list":{"0":"post-1833","1":"product","2":"type-product","3":"status-publish","4":"has-post-thumbnail","6":"product_cat-fuerza-musculo-y-recuperacion","8":"first","9":"instock","10":"shipping-taxable","11":"purchasable","12":"product-type-simple"},"acf":[],"_links":{"self":[{"href":"https:\/\/peptilife.me\/es\/wp-json\/wp\/v2\/product\/1833","targetHints":{"allow":["GET"]}}],"collection":[{"href":"https:\/\/peptilife.me\/es\/wp-json\/wp\/v2\/product"}],"about":[{"href":"https:\/\/peptilife.me\/es\/wp-json\/wp\/v2\/types\/product"}],"replies":[{"embeddable":true,"href":"https:\/\/peptilife.me\/es\/wp-json\/wp\/v2\/comments?post=1833"}],"wp:featuredmedia":[{"embeddable":true,"href":"https:\/\/peptilife.me\/es\/wp-json\/wp\/v2\/media\/1854"}],"wp:attachment":[{"href":"https:\/\/peptilife.me\/es\/wp-json\/wp\/v2\/media?parent=1833"}],"wp:term":[{"taxonomy":"product_brand","embeddable":true,"href":"https:\/\/peptilife.me\/es\/wp-json\/wp\/v2\/product_brand?post=1833"},{"taxonomy":"product_cat","embeddable":true,"href":"https:\/\/peptilife.me\/es\/wp-json\/wp\/v2\/product_cat?post=1833"},{"taxonomy":"product_tag","embeddable":true,"href":"https:\/\/peptilife.me\/es\/wp-json\/wp\/v2\/product_tag?post=1833"}],"curies":[{"name":"wp","href":"https:\/\/api.w.org\/{rel}","templated":true}]}}