{"id":1832,"date":"2025-10-03T02:31:43","date_gmt":"2025-10-03T02:31:43","guid":{"rendered":"https:\/\/peptilife.me\/?post_type=product&#038;p=1832"},"modified":"2025-10-03T02:48:38","modified_gmt":"2025-10-03T02:48:38","slug":"ipamorelin-10-mg","status":"publish","type":"product","link":"https:\/\/peptilife.me\/es\/producto\/ipamorelin-10-mg\/","title":{"rendered":"Ipamorelina | 10 mg"},"content":{"rendered":"<p>La ipamorelina es un secretagogo selectivo de la hormona del crecimiento (GHRP) que act\u00faa estimulando la gl\u00e1ndula pituitaria para que libere la hormona del crecimiento (GH) sin afectar significativamente a los niveles de cortisol o prolactina. Este mecanismo selectivo lo convierte en uno de los p\u00e9ptidos m\u00e1s seguros y precisos para potenciar de forma natural la GH.<\/p>\n<p>Al aumentar la GH, Ipamorelin favorece una amplia gama de beneficios entre los que se incluyen:<br \/>\n- Metabolismo de las grasas: Aumenta la descomposici\u00f3n de la grasa almacenada, ayudando a mejorar la composici\u00f3n corporal.<br \/>\n- Conservaci\u00f3n y recuperaci\u00f3n del m\u00fasculo magro: Favorece la reparaci\u00f3n y regeneraci\u00f3n muscular, acelerando la recuperaci\u00f3n tras el ejercicio.<br \/>\n- Sue\u00f1o y bienestar: Favorece ciclos de sue\u00f1o m\u00e1s profundos y reparadores, contribuyendo a una mejor recuperaci\u00f3n y salud general.<\/p>\n<p>Debido a que estimula la liberaci\u00f3n de GH de una manera suave y controlada, Ipamorelin es a menudo favorecido para el uso a largo plazo en la optimizaci\u00f3n del metabolismo, anti-envejecimiento, y el rendimiento. Proporciona un enfoque equilibrado para mejorar la composici\u00f3n corporal, la energ\u00eda y la recuperaci\u00f3n sin sobreestimular otras hormonas.<\/p>","protected":false},"excerpt":{"rendered":"<p>La ipamorelina es un p\u00e9ptido liberador selectivo de la hormona del crecimiento que promueve la secreci\u00f3n natural de GH, favoreciendo la reducci\u00f3n de grasa, la recuperaci\u00f3n muscular y la mejora de la calidad del sue\u00f1o.<\/p>","protected":false},"featured_media":1853,"comment_status":"open","ping_status":"closed","template":"","meta":{"_acf_changed":false,"inline_featured_image":false},"product_brand":[],"product_cat":[51],"product_tag":[],"class_list":{"0":"post-1832","1":"product","2":"type-product","3":"status-publish","4":"has-post-thumbnail","6":"product_cat-perdida-de-grasa-y-control-de-peso","8":"first","9":"instock","10":"shipping-taxable","11":"purchasable","12":"product-type-simple"},"acf":[],"_links":{"self":[{"href":"https:\/\/peptilife.me\/es\/wp-json\/wp\/v2\/product\/1832","targetHints":{"allow":["GET"]}}],"collection":[{"href":"https:\/\/peptilife.me\/es\/wp-json\/wp\/v2\/product"}],"about":[{"href":"https:\/\/peptilife.me\/es\/wp-json\/wp\/v2\/types\/product"}],"replies":[{"embeddable":true,"href":"https:\/\/peptilife.me\/es\/wp-json\/wp\/v2\/comments?post=1832"}],"wp:featuredmedia":[{"embeddable":true,"href":"https:\/\/peptilife.me\/es\/wp-json\/wp\/v2\/media\/1853"}],"wp:attachment":[{"href":"https:\/\/peptilife.me\/es\/wp-json\/wp\/v2\/media?parent=1832"}],"wp:term":[{"taxonomy":"product_brand","embeddable":true,"href":"https:\/\/peptilife.me\/es\/wp-json\/wp\/v2\/product_brand?post=1832"},{"taxonomy":"product_cat","embeddable":true,"href":"https:\/\/peptilife.me\/es\/wp-json\/wp\/v2\/product_cat?post=1832"},{"taxonomy":"product_tag","embeddable":true,"href":"https:\/\/peptilife.me\/es\/wp-json\/wp\/v2\/product_tag?post=1832"}],"curies":[{"name":"wp","href":"https:\/\/api.w.org\/{rel}","templated":true}]}}