{"id":1831,"date":"2025-10-03T02:31:42","date_gmt":"2025-10-03T02:31:42","guid":{"rendered":"https:\/\/peptilife.me\/?post_type=product&#038;p=1831"},"modified":"2025-10-03T02:47:33","modified_gmt":"2025-10-03T02:47:33","slug":"tesamorelin-10-mg","status":"publish","type":"product","link":"https:\/\/peptilife.me\/es\/producto\/tesamorelin-10-mg\/","title":{"rendered":"Tesamorelina | 10 mg"},"content":{"rendered":"<p>La tesamorelina es un an\u00e1logo sint\u00e9tico de la hormona liberadora de la hormona del crecimiento (GHRH), dise\u00f1ado espec\u00edficamente para estimular la gl\u00e1ndula pituitaria con el fin de aumentar la secreci\u00f3n de la hormona del crecimiento (GH). Esta elevaci\u00f3n de GH promueve niveles m\u00e1s altos de factor de crecimiento similar a la insulina 1 (IGF-1), que desempe\u00f1a un papel clave en la regulaci\u00f3n del metabolismo, la reducci\u00f3n de la grasa visceral y la preservaci\u00f3n de la masa muscular magra.<\/p>\n<p>Reconocida principalmente por su eficacia en la reducci\u00f3n de la grasa abdominal y visceral, sobre todo en afecciones como la lipodistrofia en pacientes con VIH, la tesamorelina se ha convertido en una importante opci\u00f3n terap\u00e9utica en el tratamiento de la salud metab\u00f3lica. Su mecanismo de acci\u00f3n no s\u00f3lo se dirige a la p\u00e9rdida de grasa, sino que tambi\u00e9n contribuye a mejorar el equilibrio energ\u00e9tico, la composici\u00f3n corporal y la funci\u00f3n metab\u00f3lica general.<\/p>\n<p>Al promover la descomposici\u00f3n de las grasas al tiempo que favorece el tejido muscular, la tesamorelina destaca como un p\u00e9ptido respaldado cient\u00edficamente que ayuda a restablecer un equilibrio m\u00e1s saludable entre el almacenamiento de grasas y la masa corporal magra.<\/p>","protected":false},"excerpt":{"rendered":"<p>La tesamorelina es un p\u00e9ptido sint\u00e9tico que estimula la producci\u00f3n natural de la hormona del crecimiento, favoreciendo la reducci\u00f3n de grasa y la conservaci\u00f3n de la masa muscular magra.<\/p>","protected":false},"featured_media":1852,"comment_status":"open","ping_status":"closed","template":"","meta":{"_acf_changed":false,"inline_featured_image":false},"product_brand":[],"product_cat":[51],"product_tag":[],"class_list":{"0":"post-1831","1":"product","2":"type-product","3":"status-publish","4":"has-post-thumbnail","6":"product_cat-perdida-de-grasa-y-control-de-peso","8":"first","9":"instock","10":"shipping-taxable","11":"purchasable","12":"product-type-simple"},"acf":[],"_links":{"self":[{"href":"https:\/\/peptilife.me\/es\/wp-json\/wp\/v2\/product\/1831","targetHints":{"allow":["GET"]}}],"collection":[{"href":"https:\/\/peptilife.me\/es\/wp-json\/wp\/v2\/product"}],"about":[{"href":"https:\/\/peptilife.me\/es\/wp-json\/wp\/v2\/types\/product"}],"replies":[{"embeddable":true,"href":"https:\/\/peptilife.me\/es\/wp-json\/wp\/v2\/comments?post=1831"}],"wp:featuredmedia":[{"embeddable":true,"href":"https:\/\/peptilife.me\/es\/wp-json\/wp\/v2\/media\/1852"}],"wp:attachment":[{"href":"https:\/\/peptilife.me\/es\/wp-json\/wp\/v2\/media?parent=1831"}],"wp:term":[{"taxonomy":"product_brand","embeddable":true,"href":"https:\/\/peptilife.me\/es\/wp-json\/wp\/v2\/product_brand?post=1831"},{"taxonomy":"product_cat","embeddable":true,"href":"https:\/\/peptilife.me\/es\/wp-json\/wp\/v2\/product_cat?post=1831"},{"taxonomy":"product_tag","embeddable":true,"href":"https:\/\/peptilife.me\/es\/wp-json\/wp\/v2\/product_tag?post=1831"}],"curies":[{"name":"wp","href":"https:\/\/api.w.org\/{rel}","templated":true}]}}