{"id":1844,"date":"2025-10-03T02:31:52","date_gmt":"2025-10-03T02:31:52","guid":{"rendered":"https:\/\/peptilife.me\/?post_type=product&#038;p=1844"},"modified":"2025-10-03T02:36:54","modified_gmt":"2025-10-03T02:36:54","slug":"ss-31-elamipretide-10-mg","status":"publish","type":"product","link":"https:\/\/peptilife.me\/de\/producto\/ss-31-elamipretide-10-mg\/","title":{"rendered":"SS-31 (Elamipretid) | 10 mg"},"content":{"rendered":"<p>SS-31 (Elamipretid) ist ein auf die Mitochondrien abzielendes Peptid, das speziell f\u00fcr den Schutz und die Wiederherstellung der Mitochondrienfunktion, dem Kraftwerk der Zelle, entwickelt wurde. Durch die Bindung an Cardiolipin, ein einzigartiges Lipid in der inneren Mitochondrienmembran, hilft SS-31, die Energieproduktion zu stabilisieren und zu optimieren und gleichzeitig oxidative Sch\u00e4den zu reduzieren.<\/p>\n<p>Zu den wichtigsten Vorteilen von SS-31 geh\u00f6ren:<br \/>\n- Schutz der Mitochondrien: Sch\u00fctzt die Zellen vor oxidativem Stress und unterst\u00fctzt eine effiziente Energiegewinnung.<br \/>\n- Verbessert Ausdauer und Kraft: Verbessert die Muskelfunktion und die k\u00f6rperliche Leistungsf\u00e4higkeit.<br \/>\n- Anti-Aging-Unterst\u00fctzung: F\u00f6rdert eine ges\u00fcndere Zellfunktion und tr\u00e4gt so zu Langlebigkeit und Vitalit\u00e4t bei.<br \/>\n- Gesundheit der Organe: Es ist vielversprechend, Herz, Nieren und Nervensystem vor altersbedingtem Abbau zu sch\u00fctzen.<\/p>\n<p>Aufgrund seines zielgerichteten Mechanismus wird SS-31 in Regenerations- und Langlebigkeitsprotokollen sehr gesch\u00e4tzt, da es einen direkten Weg zur Wiederherstellung von Energie, Widerstandsf\u00e4higkeit und zellul\u00e4rer Gesundheit auf mitochondrialer Ebene bietet.<\/p>","protected":false},"excerpt":{"rendered":"<p>SS-31 (Elamipretide) ist ein Mitochondrien-sch\u00fctzendes Peptid, das die Energie steigert, den oxidativen Stress reduziert und das gesunde Altern unterst\u00fctzt.<\/p>","protected":false},"featured_media":1865,"comment_status":"open","ping_status":"closed","template":"","meta":{"_acf_changed":false,"inline_featured_image":false},"product_brand":[],"product_cat":[54],"product_tag":[],"class_list":{"0":"post-1844","1":"product","2":"type-product","3":"status-publish","4":"has-post-thumbnail","6":"product_cat-energia-y-vitalidad","8":"first","9":"instock","10":"shipping-taxable","11":"purchasable","12":"product-type-simple"},"acf":[],"_links":{"self":[{"href":"https:\/\/peptilife.me\/de\/wp-json\/wp\/v2\/product\/1844","targetHints":{"allow":["GET"]}}],"collection":[{"href":"https:\/\/peptilife.me\/de\/wp-json\/wp\/v2\/product"}],"about":[{"href":"https:\/\/peptilife.me\/de\/wp-json\/wp\/v2\/types\/product"}],"replies":[{"embeddable":true,"href":"https:\/\/peptilife.me\/de\/wp-json\/wp\/v2\/comments?post=1844"}],"wp:featuredmedia":[{"embeddable":true,"href":"https:\/\/peptilife.me\/de\/wp-json\/wp\/v2\/media\/1865"}],"wp:attachment":[{"href":"https:\/\/peptilife.me\/de\/wp-json\/wp\/v2\/media?parent=1844"}],"wp:term":[{"taxonomy":"product_brand","embeddable":true,"href":"https:\/\/peptilife.me\/de\/wp-json\/wp\/v2\/product_brand?post=1844"},{"taxonomy":"product_cat","embeddable":true,"href":"https:\/\/peptilife.me\/de\/wp-json\/wp\/v2\/product_cat?post=1844"},{"taxonomy":"product_tag","embeddable":true,"href":"https:\/\/peptilife.me\/de\/wp-json\/wp\/v2\/product_tag?post=1844"}],"curies":[{"name":"wp","href":"https:\/\/api.w.org\/{rel}","templated":true}]}}