{"id":1838,"date":"2025-10-03T02:31:47","date_gmt":"2025-10-03T02:31:47","guid":{"rendered":"https:\/\/peptilife.me\/?post_type=product&#038;p=1838"},"modified":"2025-10-03T02:42:34","modified_gmt":"2025-10-03T02:42:34","slug":"ghk-cu-100-mg","status":"publish","type":"product","link":"https:\/\/peptilife.me\/de\/producto\/ghk-cu-100-mg\/","title":{"rendered":"GHK-Cu | 100 mg"},"content":{"rendered":"<p>GHK-Cu ist ein Kupferpeptidkomplex, der nat\u00fcrlich im menschlichen K\u00f6rper vorkommt und weithin f\u00fcr seine hautverj\u00fcngenden und regenerierenden Eigenschaften bekannt ist. Er stimuliert die Produktion von Kollagen und Glykosaminoglykanen, unterst\u00fctzt die Wundheilung und stellt die Elastizit\u00e4t der Haut wieder her.<\/p>\n<p>Wissenschaftliche Studien unterstreichen seine Rolle bei:<br \/>\n- Regeneration der Haut: Verbessert die Festigkeit und Elastizit\u00e4t der Haut und reduziert feine Linien.<br \/>\n- Unterst\u00fctzt das Haarwachstum: Stimuliert die Follikel und hilft, das Haar an der Wurzel zu st\u00e4rken.<br \/>\n- Entz\u00fcndungshemmende Wirkung: F\u00f6rdert die Gewebeheilung und reduziert den oxidativen Stress.<br \/>\n- Gewebereparatur: Unterst\u00fctzt die Wundheilung und Narbenbildung durch F\u00f6rderung der Blutgef\u00e4\u00dfbildung.<\/p>\n<p>Aufgrund seiner kombinierten Vorteile f\u00fcr Haut, Haar und Geweberegeneration ist GHK-Cu eines der leistungsf\u00e4higsten bioaktiven Peptide f\u00fcr Anti-Aging und \u00e4sthetisches Wohlbefinden und daher in Verj\u00fcngungsprotokollen sehr gefragt.<\/p>","protected":false},"excerpt":{"rendered":"<p>GHK-Cu ist ein Kupferpeptid, das die Kollagenproduktion, die Hautverj\u00fcngung und die Gewebereparatur f\u00f6rdert und gleichzeitig die Zeichen der Hautalterung reduziert.<\/p>","protected":false},"featured_media":1859,"comment_status":"open","ping_status":"closed","template":"","meta":{"_acf_changed":false,"inline_featured_image":false},"product_brand":[],"product_cat":[53],"product_tag":[],"class_list":{"0":"post-1838","1":"product","2":"type-product","3":"status-publish","4":"has-post-thumbnail","6":"product_cat-rejuvenecimiento-y-belleza","8":"first","9":"instock","10":"shipping-taxable","11":"purchasable","12":"product-type-simple"},"acf":[],"_links":{"self":[{"href":"https:\/\/peptilife.me\/de\/wp-json\/wp\/v2\/product\/1838","targetHints":{"allow":["GET"]}}],"collection":[{"href":"https:\/\/peptilife.me\/de\/wp-json\/wp\/v2\/product"}],"about":[{"href":"https:\/\/peptilife.me\/de\/wp-json\/wp\/v2\/types\/product"}],"replies":[{"embeddable":true,"href":"https:\/\/peptilife.me\/de\/wp-json\/wp\/v2\/comments?post=1838"}],"wp:featuredmedia":[{"embeddable":true,"href":"https:\/\/peptilife.me\/de\/wp-json\/wp\/v2\/media\/1859"}],"wp:attachment":[{"href":"https:\/\/peptilife.me\/de\/wp-json\/wp\/v2\/media?parent=1838"}],"wp:term":[{"taxonomy":"product_brand","embeddable":true,"href":"https:\/\/peptilife.me\/de\/wp-json\/wp\/v2\/product_brand?post=1838"},{"taxonomy":"product_cat","embeddable":true,"href":"https:\/\/peptilife.me\/de\/wp-json\/wp\/v2\/product_cat?post=1838"},{"taxonomy":"product_tag","embeddable":true,"href":"https:\/\/peptilife.me\/de\/wp-json\/wp\/v2\/product_tag?post=1838"}],"curies":[{"name":"wp","href":"https:\/\/api.w.org\/{rel}","templated":true}]}}