{"id":10,"date":"2025-09-14T21:30:30","date_gmt":"2025-09-14T21:30:30","guid":{"rendered":"https:\/\/peptilife.me\/?page_id=10"},"modified":"2025-09-14T21:37:58","modified_gmt":"2025-09-14T21:37:58","slug":"policy","status":"publish","type":"page","link":"https:\/\/peptilife.me\/de\/policy\/","title":{"rendered":"Politik"},"content":{"rendered":"<div data-elementor-type=\"wp-page\" data-elementor-id=\"10\" class=\"elementor elementor-10\" data-elementor-post-type=\"page\">\n\t\t\t\t<div class=\"elementor-element elementor-element-4f06945 e-flex e-con-boxed e-con e-parent\" data-id=\"4f06945\" data-element_type=\"container\">\n\t\t\t\t\t<div class=\"e-con-inner\">\n\t\t<div class=\"elementor-element elementor-element-8842f9e e-con-full e-flex e-con e-child\" data-id=\"8842f9e\" data-element_type=\"container\">\n\t\t\t\t<div class=\"elementor-element elementor-element-3edfd3b elementor-view-default elementor-widget elementor-widget-icon\" data-id=\"3edfd3b\" data-element_type=\"widget\" data-widget_type=\"icon.default\">\n\t\t\t\t\t\t\t<div class=\"elementor-icon-wrapper\">\n\t\t\t<div class=\"elementor-icon\">\n\t\t\t<svg xmlns=\"http:\/\/www.w3.org\/2000\/svg\" viewbox=\"0 0 256 256\"><rect width=\"256\" height=\"256\" fill=\"none\"><\/rect><path d=\"M208,40H48A16,16,0,0,0,32,56v56c0,52.72,25.52,84.67,46.93,102.19,23.06,18.86,46,25.26,47,25.53a8,8,0,0,0,4.2,0c1-.27,23.91-6.67,47-25.53C198.48,196.67,224,164.72,224,112V56A16,16,0,0,0,208,40Zm-34.32,69.66-56,56a8,8,0,0,1-11.32,0l-24-24a8,8,0,0,1,11.32-11.32L112,148.69l50.34-50.35a8,8,0,0,1,11.32,11.32Z\"><\/path><\/svg>\t\t\t<\/div>\n\t\t<\/div>\n\t\t\t\t\t\t<\/div>\n\t\t\t\t<div class=\"elementor-element elementor-element-1c98ecf elementor-widget elementor-widget-heading\" data-id=\"1c98ecf\" data-element_type=\"widget\" data-widget_type=\"heading.default\">\n\t\t\t\t\t<h2 class=\"elementor-heading-title elementor-size-default\">Politik<\/h2>\t\t\t\t<\/div>\n\t\t\t\t<div class=\"elementor-element elementor-element-55d4a25 elementor-widget elementor-widget-heading\" data-id=\"55d4a25\" data-element_type=\"widget\" data-widget_type=\"heading.default\">\n\t\t\t\t\t<h2 class=\"elementor-heading-title elementor-size-default\">Allgemeine Gesch\u00e4ftsbedingungen und Haftungsausschluss<\/h2>\t\t\t\t<\/div>\n\t\t<div class=\"elementor-element elementor-element-0ffb880 e-con-full e-flex e-con e-child\" data-id=\"0ffb880\" data-element_type=\"container\">\n\t\t\t\t<div class=\"elementor-element elementor-element-354d9b2 elementor-icon-list--layout-traditional elementor-list-item-link-full_width elementor-widget elementor-widget-icon-list\" data-id=\"354d9b2\" data-element_type=\"widget\" data-widget_type=\"icon-list.default\">\n\t\t\t\t\t\t\t<ul class=\"elementor-icon-list-items\">\n\t\t\t\t\t\t\t<li class=\"elementor-icon-list-item\">\n\t\t\t\t\t\t\t\t\t\t<span class=\"elementor-icon-list-text\">Datum des Inkrafttretens: 14. September 2025<\/span>\n\t\t\t\t\t\t\t\t\t<\/li>\n\t\t\t\t\t\t\t\t<li class=\"elementor-icon-list-item\">\n\t\t\t\t\t\t\t\t\t\t<span class=\"elementor-icon-list-text\">Website: https:\/\/peptilife.me<\/span>\n\t\t\t\t\t\t\t\t\t<\/li>\n\t\t\t\t\t\t\t\t<li class=\"elementor-icon-list-item\">\n\t\t\t\t\t\t\t\t\t\t<span class=\"elementor-icon-list-text\">Kontakt E-Mail: hello@peptilife.me<\/span>\n\t\t\t\t\t\t\t\t\t<\/li>\n\t\t\t\t\t\t<\/ul>\n\t\t\t\t\t\t<\/div>\n\t\t\t\t<\/div>\n\t\t\t\t<\/div>\n\t\t<div class=\"elementor-element elementor-element-721338d e-con-full e-flex e-con e-child\" data-id=\"721338d\" data-element_type=\"container\">\n\t\t\t\t<div class=\"elementor-element elementor-element-771b267 elementor-widget elementor-widget-text-editor\" data-id=\"771b267\" data-element_type=\"widget\" data-widget_type=\"text-editor.default\">\n\t\t\t\t\t\t\t\t\t<p class=\"p1\">\u00a0<\/p>\n<h2><b>1. Einleitung<\/b><\/h2>\n<p>\u00a0<\/p>\n<p class=\"p3\">Willkommen bei <span class=\"s2\"><b>PeptiLife.me<\/b><\/span> (die \"Website\"), betrieben von PeptiLife (\"wir\", \"unser\" oder \"uns\"). Indem Sie auf diese Website zugreifen oder sie nutzen, erkl\u00e4ren Sie sich mit den folgenden Allgemeinen Gesch\u00e4ftsbedingungen und der Haftungsausschlussrichtlinie (zusammenfassend als \"Richtlinie\" bezeichnet) einverstanden. Wenn Sie mit diesen Bedingungen nicht einverstanden sind, m\u00fcssen Sie die Nutzung der Website und ihrer Dienste unverz\u00fcglich einstellen.<\/p>\n<p class=\"p3\">Mit dieser Richtlinie sollen die geltenden Vorschriften der Europ\u00e4ischen Union eingehalten werden, einschlie\u00dflich, aber nicht beschr\u00e4nkt auf:<\/p>\n<p class=\"p1\">\u00a0<\/p>\n<ul>\n<li>\n<p class=\"p1\"><span class=\"s1\"><b>Richtlinie 2000\/31\/EG<\/b><\/span> zum elektronischen Gesch\u00e4ftsverkehr<\/p>\n<\/li>\n<li>\n<p class=\"p1\"><b>Richtlinie 2011\/83\/EU<\/b><span class=\"s1\"> zu den Verbraucherrechten<\/span><\/p>\n<\/li>\n<li>\n<p class=\"p1\"><b>Verordnung (EU) 2016\/679 (GDPR)<\/b><span class=\"s1\"> zum Datenschutz<\/span><\/p>\n<\/li>\n<\/ul>\n<h2><b>2. Allgemeine Informationen<\/b><\/h2>\n<p>\u00a0<\/p>\n<p class=\"p4\"><span class=\"s3\">Die auf dieser Website angebotenen Produkte und Informationen sind f\u00fcr <\/span><b>nur f\u00fcr Forschungs-, Bildungs- und Laborzwecke<\/b><span class=\"s3\">. Sie sind <\/span><b>nicht f\u00fcr den menschlichen Verzehr, die medizinische Behandlung, Diagnose oder Pr\u00e4vention von Krankheiten bestimmt sind<\/b><span class=\"s3\"> es sei denn, dies ist nach geltendem Recht ausdr\u00fccklich zul\u00e4ssig.<\/span><\/p>\n<p class=\"p3\">PeptiLife macht <span class=\"s2\"><b>ihre Produkte nicht f\u00fcr medizinische, therapeutische oder di\u00e4tetische Zwecke vermarkten, bewerben oder bef\u00fcrworten<\/b><\/span>. Alle K\u00e4ufer best\u00e4tigen, dass sie in ihrem Land rechtlich befugt sind, solche Produkte zu kaufen.<\/p>\n<h2><b>3. Haftungsverzicht<\/b><\/h2>\n<h3><b>3.1 Benutzung auf eigene Gefahr<\/b><\/h3>\n<p>\u00a0<\/p>\n<p class=\"p3\">Alle auf dieser Website verkauften Produkte werden ausschlie\u00dflich auf <span class=\"s2\"><b>\"wie besehen\"<\/b><\/span>. Mit dem Kauf oder der Nutzung eines Produkts erkennen Sie an und stimmen zu, dass:<\/p>\n<p class=\"p1\">\u00a0<\/p>\n<ul>\n<li>\n<p class=\"p1\">Sie nehmen an <span class=\"s1\"><b>volle Verantwortung<\/b><\/span> f\u00fcr die Verwendung, den Missbrauch, die Lagerung, die Handhabung oder die Anwendung der Produkte.<\/p>\n<\/li>\n<li>\n<p class=\"p1\">PeptiLife soll <span class=\"s1\"><b>nicht haftbar gemacht werden<\/b><\/span> f\u00fcr direkte, indirekte, zuf\u00e4llige oder Folgesch\u00e4den, die sich aus der unsachgem\u00e4\u00dfen Verwendung der Produkte ergeben oder damit zusammenh\u00e4ngen.<\/p>\n<\/li>\n<\/ul>\n<p>\u00a0<\/p>\n<p class=\"p1\">\u00a0<\/p>\n<h3><b>3.2 Keine medizinische Beratung<\/b><\/h3>\n<p>\u00a0<\/p>\n<p class=\"p3\">Nichts auf dieser Website stellt eine medizinische, pharmazeutische oder professionelle Beratung dar. Sie sollten eine qualifizierte medizinische Fachkraft konsultieren, bevor Sie Entscheidungen treffen, die sich auf Ihre Gesundheit auswirken k\u00f6nnen.<\/p>\n<p class=\"p1\">\u00a0<\/p>\n<h3><b>3.3 Haftungsfreistellung<\/b><\/h3>\n<p>\u00a0<\/p>\n<p class=\"p3\">Durch die Nutzung dieser Website und den Kauf von Produkten erkl\u00e4ren Sie sich ausdr\u00fccklich damit einverstanden, PeptiLife, seine Eigent\u00fcmer, Mitarbeiter, Partner und verbundenen Unternehmen von jeglichen Anspr\u00fcchen, Sch\u00e4den, Haftungen oder Ausgaben freizustellen, zu entsch\u00e4digen und schadlos zu halten, die sich daraus ergeben:<\/p>\n<p class=\"p1\">\u00a0<\/p>\n<ul>\n<li>\n<p class=\"p1\">Missbr\u00e4uchliche oder unbefugte Verwendung von Produkten,<\/p>\n<\/li>\n<li>\n<p class=\"p1\">Versto\u00df gegen geltende lokale, nationale oder internationale Gesetze,<\/p>\n<\/li>\n<li>\n<p class=\"p1\">Nichteinhaltung von Sicherheitsrichtlinien, Handhabungsverfahren oder Lagerungsvorschriften.<\/p>\n<\/li>\n<\/ul>\n<p>\u00a0<\/p>\n<p class=\"p3\">Diese Version funktioniert so, als h\u00e4tten Sie <span class=\"s2\"><b>f\u00f6rmlich eine Haftungsverzichtserkl\u00e4rung unterzeichnet<\/b><\/span>.<\/p>\n<p class=\"p1\">\u00a0<\/p>\n<h2><b>4. Rechtskonformit\u00e4t<\/b><\/h2>\n<p>\u00a0<\/p>\n<p class=\"p3\">Es liegt in der Verantwortung des Kunden sicherzustellen, dass der Kauf, die Einfuhr, der Besitz oder die Verwendung von Produkten von PeptiLife mit den Gesetzen und Vorschriften des Landes, in dem er ans\u00e4ssig ist, \u00fcbereinstimmt. PeptiLife lehnt jegliche Haftung f\u00fcr Produkte ab, die aufgrund lokaler Vorschriften beschlagnahmt, eingeschr\u00e4nkt oder verboten sind.<\/p>\n<p class=\"p1\">\u00a0<\/p>\n<h2><b>5. Geistiges Eigentum<\/b><\/h2>\n<p>\u00a0<\/p>\n<p class=\"p3\">Alle Inhalte, Warenzeichen, Logos und Materialien auf dieser Website sind das ausschlie\u00dfliche Eigentum von PeptiLife, sofern nicht anders angegeben. Die unbefugte Vervielf\u00e4ltigung, Verbreitung oder Ver\u00e4nderung ist strengstens untersagt.<\/p>\n<p class=\"p1\">\u00a0<\/p>\n<h2><b>6. Einschr\u00e4nkung der Garantien<\/b><\/h2>\n<p>\u00a0<\/p>\n<p class=\"p3\">Im gr\u00f6\u00dftm\u00f6glichen gesetzlich zul\u00e4ssigen Umfang:<\/p>\n<p class=\"p1\">\u00a0<\/p>\n<ul>\n<li>\n<p class=\"p1\">Wir \u00fcbernehmen keine Gew\u00e4hrleistung oder Garantie f\u00fcr die Richtigkeit, Zuverl\u00e4ssigkeit oder Vollst\u00e4ndigkeit von Produktbeschreibungen, Daten oder Inhalten auf der Website.<\/p>\n<\/li>\n<li>\n<p class=\"p1\">Wir lehnen alle stillschweigenden Garantien ab, einschlie\u00dflich der Marktg\u00e4ngigkeit oder Eignung f\u00fcr einen bestimmten Zweck.<\/p>\n<\/li>\n<\/ul>\n<p class=\"p1\">\u00a0<\/p>\n<h2><b>7. Entsch\u00e4digung<\/b><\/h2>\n<p>\u00a0<\/p>\n<p class=\"p3\">Sie erkl\u00e4ren sich damit einverstanden, PeptiLife zu entsch\u00e4digen, zu verteidigen und schadlos zu halten von allen Anspr\u00fcchen oder Forderungen, einschlie\u00dflich angemessener Anwaltskosten, die sich aus Ihrer Nutzung der Website, der Verletzung dieser Richtlinie oder der Verletzung geltender Gesetze ergeben.<\/p>\n<p class=\"p1\">\u00a0<\/p>\n<h2><b>8. Geltendes Recht und Gerichtsstand<\/b><\/h2>\n<p>\u00a0<\/p>\n<p class=\"p3\">Diese Politik unterliegt den Gesetzen der folgenden L\u00e4nder und wird nach diesen ausgelegt <span class=\"s2\"><b>Europ\u00e4ische Union<\/b><\/span> und gegebenenfalls die Gesetze des <span class=\"s2\"><b>K\u00f6nigreich Spanien<\/b><\/span>. Alle Streitigkeiten unterliegen dem <span class=\"s2\"><b>die ausschlie\u00dfliche Zust\u00e4ndigkeit der zust\u00e4ndigen Gerichte in Madrid, Spanien<\/b><\/span>.<\/p>\n<p class=\"p1\">\u00a0<\/p>\n<h2><b>9. Akzeptanz der Bedingungen<\/b><\/h2>\n<p>\u00a0<\/p>\n<p class=\"p3\">Durch die Nutzung der Website best\u00e4tigen Sie, dass Sie diese Richtlinie gelesen und verstanden haben und ihr zustimmen. Ihre fortgesetzte Nutzung der Website stellt die Annahme dieser Bedingungen dar und dient als <span class=\"s2\"><b>\u00c4quivalent zur verbindlichen digitalen Signatur<\/b><\/span> vor der Unterzeichnung eines schriftlichen Vertrags.<\/p>\n<p class=\"p1\">\u00a0<\/p>\n<h2><b>10. Kontakt<\/b><\/h2>\n<p>\u00a0<\/p>\n<p class=\"p3\">Wenn Sie Fragen zu dieser Richtlinie haben, wenden Sie sich bitte an uns:<\/p>\n<p class=\"p4\"><span class=\"s3\">\ud83d\udce7 <\/span><b>hello@peptilife.me<\/b><\/p>\t\t\t\t\t\t\t\t<\/div>\n\t\t\t\t<\/div>\n\t\t\t\t\t<\/div>\n\t\t\t\t<\/div>\n\t\t\t\t<\/div>","protected":false},"excerpt":{"rendered":"<p>Policy Terms &#038; Conditions and Disclaimer Policy Effective Date: September 14, 2025 Website: https:\/\/peptilife.me Contact Email: hello@peptilife.me \u00a0 1. Introduction \u00a0 Welcome to PeptiLife.me (the \u201cWebsite\u201d), operated by PeptiLife (\u201cwe,\u201d \u201cour,\u201d or \u201cus\u201d). By accessing or using this Website, you agree to be bound by the following Terms &amp; Conditions and Disclaimer Policy (collectively, the [&hellip;]<\/p>","protected":false},"author":1,"featured_media":0,"parent":0,"menu_order":0,"comment_status":"closed","ping_status":"closed","template":"","meta":{"_acf_changed":false,"inline_featured_image":false,"footnotes":""},"class_list":["post-10","page","type-page","status-publish","hentry"],"acf":[],"_links":{"self":[{"href":"https:\/\/peptilife.me\/de\/wp-json\/wp\/v2\/pages\/10","targetHints":{"allow":["GET"]}}],"collection":[{"href":"https:\/\/peptilife.me\/de\/wp-json\/wp\/v2\/pages"}],"about":[{"href":"https:\/\/peptilife.me\/de\/wp-json\/wp\/v2\/types\/page"}],"author":[{"embeddable":true,"href":"https:\/\/peptilife.me\/de\/wp-json\/wp\/v2\/users\/1"}],"replies":[{"embeddable":true,"href":"https:\/\/peptilife.me\/de\/wp-json\/wp\/v2\/comments?post=10"}],"version-history":[{"count":4,"href":"https:\/\/peptilife.me\/de\/wp-json\/wp\/v2\/pages\/10\/revisions"}],"predecessor-version":[{"id":1540,"href":"https:\/\/peptilife.me\/de\/wp-json\/wp\/v2\/pages\/10\/revisions\/1540"}],"wp:attachment":[{"href":"https:\/\/peptilife.me\/de\/wp-json\/wp\/v2\/media?parent=10"}],"curies":[{"name":"wp","href":"https:\/\/api.w.org\/{rel}","templated":true}]}}